{"id":877,"date":"2024-07-20T14:29:12","date_gmt":"2024-07-20T12:29:12","guid":{"rendered":"https:\/\/alfard.ovh\/?page_id=877"},"modified":"2024-08-05T23:14:32","modified_gmt":"2024-08-05T21:14:32","slug":"softstart","status":"publish","type":"page","link":"https:\/\/alfard.ovh\/index.php\/softstart\/","title":{"rendered":"SoftStart"},"content":{"rendered":"\n<p>do transformator\u00f3w i silnik\u00f3w AC<\/p>\n\n\n\n<p>Zbudowany na bazie AR116 i uzupe\u0142niony o kondensator i opornik.<\/p>\n\n\n\n<figure class=\"wp-block-image size-large\"><a href=\"https:\/\/alfard.ovh\/wp-content\/uploads\/2024\/08\/miekkiStart.png\"><img loading=\"lazy\" decoding=\"async\" width=\"1024\" height=\"502\" src=\"https:\/\/alfard.ovh\/wp-content\/uploads\/2024\/08\/miekkiStart-1024x502.png\" alt=\"\" class=\"wp-image-941\" srcset=\"https:\/\/alfard.ovh\/wp-content\/uploads\/2024\/08\/miekkiStart-1024x502.png 1024w, https:\/\/alfard.ovh\/wp-content\/uploads\/2024\/08\/miekkiStart-300x147.png 300w, https:\/\/alfard.ovh\/wp-content\/uploads\/2024\/08\/miekkiStart-768x376.png 768w, https:\/\/alfard.ovh\/wp-content\/uploads\/2024\/08\/miekkiStart.png 1384w\" sizes=\"auto, (max-width: 1024px) 100vw, 1024px\" \/><\/a><\/figure>\n\n\n\n<p>Dwa elementy zaznaczone zielon\u0105 obw\u00f3dk\u0105 maj\u0105 za zadanie &#8222;resetowa\u0107&#8221; uk\u0142ad przy kr\u00f3tkim braku zasilaniu przy ju\u017c w\u0142\u0105czonym odbiorniku. Przeka\u017anik musi mie\u0107 podw\u00f3jne styki i wtedy mo\u017cna jedne wykorzysta\u0107 do pod\u0142\u0105czenia dodatkowego kondensatora op\u00f3\u017aniaj\u0105cego w\u0142\u0105czenie przeka\u017anika, kt\u00f3ry w\u0142\u0105czony roz\u0142adowuje kondensator przez opornik o ma\u0142ej omowej oporno\u015bci i powr\u00f3t zasilania znowu op\u00f3\u017ani w\u0142\u0105czenie przeka\u017anika. <\/p>\n\n\n\n<p><\/p>\n","protected":false},"excerpt":{"rendered":"<p>do transformator\u00f3w i silnik\u00f3w AC Zbudowany na bazie AR116 i uzupe\u0142niony o kondensator i opornik. Dwa elementy zaznaczone zielon\u0105 obw\u00f3dk\u0105 maj\u0105 za zadanie &#8222;resetowa\u0107&#8221; uk\u0142ad przy kr\u00f3tkim braku zasilaniu przy ju\u017c w\u0142\u0105czonym odbiorniku. Przeka\u017anik musi mie\u0107 podw\u00f3jne styki i wtedy mo\u017cna jedne wykorzysta\u0107 do pod\u0142\u0105czenia dodatkowego kondensatora op\u00f3\u017aniaj\u0105cego w\u0142\u0105czenie przeka\u017anika, kt\u00f3ry w\u0142\u0105czony roz\u0142adowuje kondensator przez [&hellip;]<\/p>\n","protected":false},"author":1,"featured_media":0,"parent":0,"menu_order":0,"comment_status":"closed","ping_status":"closed","template":"","meta":{"footnotes":""},"class_list":["post-877","page","type-page","status-publish","hentry"],"_links":{"self":[{"href":"https:\/\/alfard.ovh\/index.php\/wp-json\/wp\/v2\/pages\/877","targetHints":{"allow":["GET"]}}],"collection":[{"href":"https:\/\/alfard.ovh\/index.php\/wp-json\/wp\/v2\/pages"}],"about":[{"href":"https:\/\/alfard.ovh\/index.php\/wp-json\/wp\/v2\/types\/page"}],"author":[{"embeddable":true,"href":"https:\/\/alfard.ovh\/index.php\/wp-json\/wp\/v2\/users\/1"}],"replies":[{"embeddable":true,"href":"https:\/\/alfard.ovh\/index.php\/wp-json\/wp\/v2\/comments?post=877"}],"version-history":[{"count":3,"href":"https:\/\/alfard.ovh\/index.php\/wp-json\/wp\/v2\/pages\/877\/revisions"}],"predecessor-version":[{"id":942,"href":"https:\/\/alfard.ovh\/index.php\/wp-json\/wp\/v2\/pages\/877\/revisions\/942"}],"wp:attachment":[{"href":"https:\/\/alfard.ovh\/index.php\/wp-json\/wp\/v2\/media?parent=877"}],"curies":[{"name":"wp","href":"https:\/\/api.w.org\/{rel}","templated":true}]}}