{"id":7,"date":"2023-05-02T15:16:00","date_gmt":"2023-05-02T13:16:00","guid":{"rendered":"https:\/\/alfard.ovh\/?page_id=7"},"modified":"2025-11-13T19:39:20","modified_gmt":"2025-11-13T18:39:20","slug":"informacje","status":"publish","type":"page","link":"https:\/\/alfard.ovh\/index.php\/informacje\/","title":{"rendered":"Informacje2you"},"content":{"rendered":"\n<p>Odczyty licznik\u00f3w Geigera:<\/p>\n\n\n\n<p><a href=\"https:\/\/t1ak.ovh\/Wykres.php?nazTabeli=Geiger0\"> So\u015bnica,<\/a> <a href=\"http:\/\/91.237.73.101:8088\/ESP\/Wykres.php?nazTabeli=easy\">T.G. Jana,<\/a> <a href=\"https:\/\/silesiaart.ovh\/pomiary\/geiger.php?Okres=7&amp;Y2=0\">Strzybnicax3<\/a> , <a href=\"https:\/\/silesiaart.ovh\/pomiary\/gamma2.php?Osie=1&amp;Okres=1\">Strzybnica_Vo.8<\/a>, <a href=\"https:\/\/t1ak.ovh\/Wykres.php?nazTabeli=GeigerWitek\">Opole<\/a><\/p>\n\n\n<p><iframe title=\"Kalety\" src=\"https:\/\/maps.google.com\/maps?q=Kalety&amp;t=m&amp;z=10&amp;output=embed&amp;iwloc=near\" aria-label=\"Kalety\"><\/iframe><\/p>\n\n\n<p>Lubimy podgl\u0105da\u0107 ? pewnie, \u017ce tak &#8211; no to <a href=\"https:\/\/alfard.ovh\/index.php\/testy-linkow\/#UVpodpatrzone\" data-type=\"page\" data-id=\"680\">co tam z UV<\/a><\/p>\n","protected":false},"excerpt":{"rendered":"<p>Odczyty licznik\u00f3w Geigera: So\u015bnica, T.G. Jana, Strzybnicax3 , Strzybnica_Vo.8, Opole Lubimy podgl\u0105da\u0107 ? pewnie, \u017ce tak &#8211; no to co tam z UV<\/p>\n","protected":false},"author":1,"featured_media":0,"parent":0,"menu_order":0,"comment_status":"closed","ping_status":"closed","template":"","meta":{"footnotes":""},"class_list":["post-7","page","type-page","status-publish","hentry"],"_links":{"self":[{"href":"https:\/\/alfard.ovh\/index.php\/wp-json\/wp\/v2\/pages\/7","targetHints":{"allow":["GET"]}}],"collection":[{"href":"https:\/\/alfard.ovh\/index.php\/wp-json\/wp\/v2\/pages"}],"about":[{"href":"https:\/\/alfard.ovh\/index.php\/wp-json\/wp\/v2\/types\/page"}],"author":[{"embeddable":true,"href":"https:\/\/alfard.ovh\/index.php\/wp-json\/wp\/v2\/users\/1"}],"replies":[{"embeddable":true,"href":"https:\/\/alfard.ovh\/index.php\/wp-json\/wp\/v2\/comments?post=7"}],"version-history":[{"count":48,"href":"https:\/\/alfard.ovh\/index.php\/wp-json\/wp\/v2\/pages\/7\/revisions"}],"predecessor-version":[{"id":1341,"href":"https:\/\/alfard.ovh\/index.php\/wp-json\/wp\/v2\/pages\/7\/revisions\/1341"}],"wp:attachment":[{"href":"https:\/\/alfard.ovh\/index.php\/wp-json\/wp\/v2\/media?parent=7"}],"curies":[{"name":"wp","href":"https:\/\/api.w.org\/{rel}","templated":true}]}}