{"id":680,"date":"2024-07-03T11:04:49","date_gmt":"2024-07-03T09:04:49","guid":{"rendered":"https:\/\/alfard.ovh\/?page_id=680"},"modified":"2026-03-31T19:00:36","modified_gmt":"2026-03-31T17:00:36","slug":"testy-linkow","status":"publish","type":"page","link":"https:\/\/alfard.ovh\/index.php\/testy-linkow\/","title":{"rendered":"Ultrafiolet graficznie"},"content":{"rendered":"\n<figure data-wp-context=\"{&quot;imageId&quot;:&quot;69f1dd7f613d7&quot;}\" data-wp-interactive=\"core\/image\" data-wp-key=\"69f1dd7f613d7\" class=\"wp-block-image size-large wp-lightbox-container\"><img decoding=\"async\" data-wp-class--hide=\"state.isContentHidden\" data-wp-class--show=\"state.isContentVisible\" data-wp-init=\"callbacks.setButtonStyles\" data-wp-on--click=\"actions.showLightbox\" data-wp-on--load=\"callbacks.setButtonStyles\" data-wp-on-window--resize=\"callbacks.setButtonStyles\" src=\"https:\/\/meteo.imgw.pl\/assets_bio\/products\/UV\/uvi_niluuv3.png\" alt=\"\"\/><button\n\t\t\tclass=\"lightbox-trigger\"\n\t\t\ttype=\"button\"\n\t\t\taria-haspopup=\"dialog\"\n\t\t\taria-label=\"Powi\u0119ksz\"\n\t\t\tdata-wp-init=\"callbacks.initTriggerButton\"\n\t\t\tdata-wp-on--click=\"actions.showLightbox\"\n\t\t\tdata-wp-style--right=\"state.imageButtonRight\"\n\t\t\tdata-wp-style--top=\"state.imageButtonTop\"\n\t\t>\n\t\t\t<svg xmlns=\"http:\/\/www.w3.org\/2000\/svg\" width=\"12\" height=\"12\" fill=\"none\" viewBox=\"0 0 12 12\">\n\t\t\t\t<path fill=\"#fff\" d=\"M2 0a2 2 0 0 0-2 2v2h1.5V2a.5.5 0 0 1 .5-.5h2V0H2Zm2 10.5H2a.5.5 0 0 1-.5-.5V8H0v2a2 2 0 0 0 2 2h2v-1.5ZM8 12v-1.5h2a.5.5 0 0 0 .5-.5V8H12v2a2 2 0 0 1-2 2H8Zm2-12a2 2 0 0 1 2 2v2h-1.5V2a.5.5 0 0 0-.5-.5H8V0h2Z\" \/>\n\t\t\t<\/svg>\n\t\t<\/button><\/figure>\n\n\n\n<figure class=\"wp-block-image size-large is-resized\"><img decoding=\"async\" src=\"https:\/\/meteo.imgw.pl\/assets_bio\/products\/UV\/Rys2.png\" alt=\"\" style=\"width:620px;height:auto\"\/><\/figure>\n\n\n\n<h2 class=\"wp-block-heading\" id=\"BazaWykresow\">Baza wykres\u00f3w UVI<\/h2>\n\n\n\n<ul class=\"wp-block-list\">\n<li><a href=\"http:\/\/91.237.73.101:584\/kamery.php?KamNr=UVcz\">Czechy kilka miejsc<\/a><\/li>\n\n\n\n<li><a href=\"http:\/\/91.237.73.101:584\/kamery.php?KamNr=Leba\">\u0141eba (nad Morzem Ba\u0142tyckim)<\/a><\/li>\n\n\n\n<li><a href=\"http:\/\/91.237.73.101:584\/kamery.php?KamNr=Legi\">Legionowo<\/a><\/li>\n\n\n\n<li><a href=\"http:\/\/91.237.73.101:584\/kamery.php?KamNr=Wars\">Warszawa<\/a><\/li>\n\n\n\n<li><a href=\"http:\/\/91.237.73.101:584\/kamery.php?KamNr=Zako\">Zakopane<\/a><\/li>\n<\/ul>\n\n\n\n<p><a href=\"http:\/\/91.237.73.101:584\/kamery.php?KamNr=UVcz\">pomiary historyczne<\/a> pochodz\u0105 ze stron: <a href=\"https:\/\/www.chmi.cz\/predpoved-pocasi\/rizika\/aktualni-ozon-uv-index\" data-type=\"link\" data-id=\"https:\/\/www.chmi.cz\/predpoved-pocasi\/rizika\/aktualni-ozon-uv-index\">www.chmi.cz<\/a> i <a href=\"https:\/\/biometeo.imgw.pl\/?page=UV\">IMGW<\/a><\/p>\n\n\n\n<p>Podobne pr\u00f3by ale na WordPress ( docker na unRaid ), kt\u00f3ry aktualnie dzia\u0142a pod adresem: <a href=\"http:\/\/91.237.73.101:8088\/jedna-zdjecie-1000-slow\/\">&gt; jedno-zdjecie-1000-slow &lt;<\/a><\/p>\n\n\n\n<div class=\"wp-block-columns is-layout-flex wp-container-core-columns-is-layout-28f84493 wp-block-columns-is-layout-flex\">\n<div class=\"wp-block-column is-layout-flow wp-block-column-is-layout-flow\"><\/div>\n\n\n\n<div class=\"wp-block-column is-layout-flow wp-block-column-is-layout-flow\">\n<figure data-wp-context=\"{&quot;imageId&quot;:&quot;69f1dd7f6217d&quot;}\" data-wp-interactive=\"core\/image\" data-wp-key=\"69f1dd7f6217d\" class=\"wp-block-image size-full wp-lightbox-container\"><img decoding=\"async\" data-wp-class--hide=\"state.isContentHidden\" data-wp-class--show=\"state.isContentVisible\" data-wp-init=\"callbacks.setButtonStyles\" data-wp-on--click=\"actions.showLightbox\" data-wp-on--load=\"callbacks.setButtonStyles\" data-wp-on-window--resize=\"callbacks.setButtonStyles\" src=\"http:\/\/alfard.ovh\/wp-content\/uploads\/2024\/07\/MotylA.png\" alt=\"\" class=\"wp-image-829\"\/><button\n\t\t\tclass=\"lightbox-trigger\"\n\t\t\ttype=\"button\"\n\t\t\taria-haspopup=\"dialog\"\n\t\t\taria-label=\"Powi\u0119ksz\"\n\t\t\tdata-wp-init=\"callbacks.initTriggerButton\"\n\t\t\tdata-wp-on--click=\"actions.showLightbox\"\n\t\t\tdata-wp-style--right=\"state.imageButtonRight\"\n\t\t\tdata-wp-style--top=\"state.imageButtonTop\"\n\t\t>\n\t\t\t<svg xmlns=\"http:\/\/www.w3.org\/2000\/svg\" width=\"12\" height=\"12\" fill=\"none\" viewBox=\"0 0 12 12\">\n\t\t\t\t<path fill=\"#fff\" d=\"M2 0a2 2 0 0 0-2 2v2h1.5V2a.5.5 0 0 1 .5-.5h2V0H2Zm2 10.5H2a.5.5 0 0 1-.5-.5V8H0v2a2 2 0 0 0 2 2h2v-1.5ZM8 12v-1.5h2a.5.5 0 0 0 .5-.5V8H12v2a2 2 0 0 1-2 2H8Zm2-12a2 2 0 0 1 2 2v2h-1.5V2a.5.5 0 0 0-.5-.5H8V0h2Z\" \/>\n\t\t\t<\/svg>\n\t\t<\/button><\/figure>\n<\/div>\n<\/div>\n","protected":false},"excerpt":{"rendered":"<p>Baza wykres\u00f3w UVI pomiary historyczne pochodz\u0105 ze stron: www.chmi.cz i IMGW Podobne pr\u00f3by ale na WordPress ( docker na unRaid ), kt\u00f3ry aktualnie dzia\u0142a pod adresem: &gt; jedno-zdjecie-1000-slow &lt;<\/p>\n","protected":false},"author":1,"featured_media":0,"parent":0,"menu_order":0,"comment_status":"closed","ping_status":"closed","template":"","meta":{"footnotes":""},"class_list":["post-680","page","type-page","status-publish","hentry"],"_links":{"self":[{"href":"https:\/\/alfard.ovh\/index.php\/wp-json\/wp\/v2\/pages\/680","targetHints":{"allow":["GET"]}}],"collection":[{"href":"https:\/\/alfard.ovh\/index.php\/wp-json\/wp\/v2\/pages"}],"about":[{"href":"https:\/\/alfard.ovh\/index.php\/wp-json\/wp\/v2\/types\/page"}],"author":[{"embeddable":true,"href":"https:\/\/alfard.ovh\/index.php\/wp-json\/wp\/v2\/users\/1"}],"replies":[{"embeddable":true,"href":"https:\/\/alfard.ovh\/index.php\/wp-json\/wp\/v2\/comments?post=680"}],"version-history":[{"count":89,"href":"https:\/\/alfard.ovh\/index.php\/wp-json\/wp\/v2\/pages\/680\/revisions"}],"predecessor-version":[{"id":1440,"href":"https:\/\/alfard.ovh\/index.php\/wp-json\/wp\/v2\/pages\/680\/revisions\/1440"}],"wp:attachment":[{"href":"https:\/\/alfard.ovh\/index.php\/wp-json\/wp\/v2\/media?parent=680"}],"curies":[{"name":"wp","href":"https:\/\/api.w.org\/{rel}","templated":true}]}}