{"id":670,"date":"2024-07-01T13:52:18","date_gmt":"2024-07-01T11:52:18","guid":{"rendered":"https:\/\/alfard.ovh\/?page_id=670"},"modified":"2024-07-01T14:11:52","modified_gmt":"2024-07-01T12:11:52","slug":"unraid","status":"publish","type":"page","link":"https:\/\/alfard.ovh\/index.php\/unraid\/","title":{"rendered":"unRaid"},"content":{"rendered":"\n<ul class=\"wp-block-list\">\n<li>Instalacja MySQL<\/li>\n\n\n\n<li>Instalacja phpMyAdmin<\/li>\n\n\n\n<li>instalacja droppy<\/li>\n<\/ul>\n\n\n\n<div class=\"wp-block-media-text is-stacked-on-mobile\" style=\"grid-template-columns:15% auto\"><figure class=\"wp-block-media-text__media\"><a href=\"https:\/\/alfard.ovh\/wp-content\/uploads\/2024\/07\/mySQL1.jpg\"><img decoding=\"async\" src=\"http:\/\/alfard.ovh\/wp-content\/uploads\/2024\/07\/mySQL1.jpg\" alt=\"\" class=\"wp-image-671 size-full\"\/><\/a><\/figure><div class=\"wp-block-media-text__content\">\n<p>Pobieramy i instalujemy docker MySQL z zak\u0142adki <strong>Apps<\/strong>.<\/p>\n<\/div><\/div>\n\n\n\n<div class=\"wp-block-media-text is-stacked-on-mobile\" style=\"grid-template-columns:22% auto\"><figure class=\"wp-block-media-text__media\"><a href=\"https:\/\/alfard.ovh\/wp-content\/uploads\/2024\/07\/mySQL2.jpg\"><img decoding=\"async\" src=\"http:\/\/alfard.ovh\/wp-content\/uploads\/2024\/07\/mySQL2-1024x706.jpg\" alt=\"\" class=\"wp-image-672 size-full\"\/><\/a><\/figure><div class=\"wp-block-media-text__content\">\n<p>Zgadzamy si\u0119 na wygenerowanie has\u0142a dla user <strong>root<\/strong>, kt\u00f3re wbrew r\u00f3\u017cnym podpowiedziom znajdziemy w logu dost\u0119pnym z menu<\/p>\n<\/div><\/div>\n\n\n\n<div class=\"wp-block-media-text is-stacked-on-mobile\" style=\"grid-template-columns:15% auto\"><figure class=\"wp-block-media-text__media\"><a href=\"https:\/\/alfard.ovh\/wp-content\/uploads\/2024\/07\/mySQL3.jpg\"><img decoding=\"async\" src=\"http:\/\/alfard.ovh\/wp-content\/uploads\/2024\/07\/mySQL3.jpg\" alt=\"\" class=\"wp-image-674 size-full\"\/><\/a><\/figure><div class=\"wp-block-media-text__content\">\n<p>w logach nale\u017cy odszuka\u0107 has\u0142a dla usera root dla logowania phpMyAdmin-a<\/p>\n<\/div><\/div>\n","protected":false},"excerpt":{"rendered":"<p>Pobieramy i instalujemy docker MySQL z zak\u0142adki Apps. Zgadzamy si\u0119 na wygenerowanie has\u0142a dla user root, kt\u00f3re wbrew r\u00f3\u017cnym podpowiedziom znajdziemy w logu dost\u0119pnym z menu w logach nale\u017cy odszuka\u0107 has\u0142a dla usera root dla logowania phpMyAdmin-a<\/p>\n","protected":false},"author":1,"featured_media":0,"parent":0,"menu_order":0,"comment_status":"closed","ping_status":"closed","template":"","meta":{"footnotes":""},"class_list":["post-670","page","type-page","status-publish","hentry"],"_links":{"self":[{"href":"https:\/\/alfard.ovh\/index.php\/wp-json\/wp\/v2\/pages\/670","targetHints":{"allow":["GET"]}}],"collection":[{"href":"https:\/\/alfard.ovh\/index.php\/wp-json\/wp\/v2\/pages"}],"about":[{"href":"https:\/\/alfard.ovh\/index.php\/wp-json\/wp\/v2\/types\/page"}],"author":[{"embeddable":true,"href":"https:\/\/alfard.ovh\/index.php\/wp-json\/wp\/v2\/users\/1"}],"replies":[{"embeddable":true,"href":"https:\/\/alfard.ovh\/index.php\/wp-json\/wp\/v2\/comments?post=670"}],"version-history":[{"count":4,"href":"https:\/\/alfard.ovh\/index.php\/wp-json\/wp\/v2\/pages\/670\/revisions"}],"predecessor-version":[{"id":679,"href":"https:\/\/alfard.ovh\/index.php\/wp-json\/wp\/v2\/pages\/670\/revisions\/679"}],"wp:attachment":[{"href":"https:\/\/alfard.ovh\/index.php\/wp-json\/wp\/v2\/media?parent=670"}],"curies":[{"name":"wp","href":"https:\/\/api.w.org\/{rel}","templated":true}]}}