{"id":541,"date":"2024-01-02T00:20:10","date_gmt":"2024-01-01T23:20:10","guid":{"rendered":"https:\/\/alfard.ovh\/?page_id=541"},"modified":"2024-02-01T10:07:13","modified_gmt":"2024-02-01T09:07:13","slug":"geiger-oled","status":"publish","type":"page","link":"https:\/\/alfard.ovh\/index.php\/geiger-oled\/","title":{"rendered":"Geiger + OLed"},"content":{"rendered":"\n<p>Projekt jest rozwini\u0119ciem produktu <strong><a href=\"https:\/\/github.com\/2969773606\/IOT-GeigerCounter-ESP32\">IOT-GeigerCounter-ESP32<\/a><\/strong> zosta\u0142 uzupe\u0142niony o pomiary napi\u0119\u0107 i temperatury oraz ich prezentacj\u0119 na wmontowanym wy\u015bwietlaczu. Tasmota zosta\u0142a tak skonfigurowana, \u017ce udost\u0119pnia dane w sieci za pomoc\u0105 MQTT. Baza danych jest uzupe\u0142niana specjalnie przygotowan\u0105 procedur\u0105 analizy danych za pomoc\u0105 <strong>NodeRed<\/strong>.<\/p>\n\n\n\n<figure class=\"wp-block-gallery has-nested-images columns-default is-cropped wp-block-gallery-1 is-layout-flex wp-block-gallery-is-layout-flex\">\n<figure class=\"wp-block-image size-large\"><a href=\"https:\/\/alfard.ovh\/wp-content\/uploads\/2024\/01\/widokC.jpg\"><img loading=\"lazy\" decoding=\"async\" width=\"488\" height=\"903\" data-id=\"593\" src=\"https:\/\/alfard.ovh\/wp-content\/uploads\/2024\/01\/widokC.jpg\" alt=\"\" class=\"wp-image-593\" srcset=\"https:\/\/alfard.ovh\/wp-content\/uploads\/2024\/01\/widokC.jpg 488w, https:\/\/alfard.ovh\/wp-content\/uploads\/2024\/01\/widokC-162x300.jpg 162w\" sizes=\"auto, (max-width: 488px) 100vw, 488px\" \/><\/a><\/figure>\n\n\n\n<figure class=\"wp-block-image size-large\"><a href=\"https:\/\/alfard.ovh\/wp-content\/uploads\/2024\/01\/widokA.jpg\"><img loading=\"lazy\" decoding=\"async\" width=\"708\" height=\"422\" data-id=\"591\" src=\"https:\/\/alfard.ovh\/wp-content\/uploads\/2024\/01\/widokA.jpg\" alt=\"\" class=\"wp-image-591\" srcset=\"https:\/\/alfard.ovh\/wp-content\/uploads\/2024\/01\/widokA.jpg 708w, https:\/\/alfard.ovh\/wp-content\/uploads\/2024\/01\/widokA-300x179.jpg 300w\" sizes=\"auto, (max-width: 708px) 100vw, 708px\" \/><\/a><\/figure>\n\n\n\n<figure class=\"wp-block-image size-large\"><a href=\"https:\/\/alfard.ovh\/wp-content\/uploads\/2024\/01\/widokB.jpg\"><img loading=\"lazy\" decoding=\"async\" width=\"790\" height=\"858\" data-id=\"592\" src=\"https:\/\/alfard.ovh\/wp-content\/uploads\/2024\/01\/widokB.jpg\" alt=\"\" class=\"wp-image-592\" srcset=\"https:\/\/alfard.ovh\/wp-content\/uploads\/2024\/01\/widokB.jpg 790w, https:\/\/alfard.ovh\/wp-content\/uploads\/2024\/01\/widokB-276x300.jpg 276w, https:\/\/alfard.ovh\/wp-content\/uploads\/2024\/01\/widokB-768x834.jpg 768w\" sizes=\"auto, (max-width: 790px) 100vw, 790px\" \/><\/a><\/figure>\n<\/figure>\n\n\n\n<div class=\"wp-block-media-text is-stacked-on-mobile\" style=\"grid-template-columns:31% auto\"><figure class=\"wp-block-media-text__media\"><a href=\"https:\/\/alfard.ovh\/wp-content\/uploads\/2024\/01\/ESP32oled2.jpg\"><img loading=\"lazy\" decoding=\"async\" width=\"792\" height=\"458\" src=\"http:\/\/alfard.ovh\/wp-content\/uploads\/2024\/01\/ESP32oled2.jpg\" alt=\"\" class=\"wp-image-556 size-full\" srcset=\"https:\/\/alfard.ovh\/wp-content\/uploads\/2024\/01\/ESP32oled2.jpg 792w, https:\/\/alfard.ovh\/wp-content\/uploads\/2024\/01\/ESP32oled2-300x173.jpg 300w, https:\/\/alfard.ovh\/wp-content\/uploads\/2024\/01\/ESP32oled2-768x444.jpg 768w\" sizes=\"auto, (max-width: 792px) 100vw, 792px\" \/><\/a><\/figure><div class=\"wp-block-media-text__content\">\n<p>Kontroler ESP32 z wy\u015bwietlaczem OLed<\/p>\n<\/div><\/div>\n\n\n\n<div class=\"wp-block-media-text is-stacked-on-mobile\" style=\"grid-template-columns:20% auto\"><figure class=\"wp-block-media-text__media\"><a href=\"https:\/\/alfard.ovh\/wp-content\/uploads\/2024\/01\/dzielnik5V.jpg\"><img loading=\"lazy\" decoding=\"async\" width=\"374\" height=\"353\" src=\"http:\/\/alfard.ovh\/wp-content\/uploads\/2024\/01\/dzielnik5V.jpg\" alt=\"\" class=\"wp-image-569 size-full\" srcset=\"https:\/\/alfard.ovh\/wp-content\/uploads\/2024\/01\/dzielnik5V.jpg 374w, https:\/\/alfard.ovh\/wp-content\/uploads\/2024\/01\/dzielnik5V-300x283.jpg 300w\" sizes=\"auto, (max-width: 374px) 100vw, 374px\" \/><\/a><\/figure><div class=\"wp-block-media-text__content\">\n<p>Kontrola napi\u0119cia zasilaj\u0105cego ca\u0142y uk\u0142ad 5V jest realizowana przez dzielnik napi\u0119cia.<\/p>\n<\/div><\/div>\n\n\n\n<div class=\"wp-block-media-text is-stacked-on-mobile\" style=\"grid-template-columns:25% auto\"><figure class=\"wp-block-media-text__media\"><a href=\"https:\/\/alfard.ovh\/wp-content\/uploads\/2024\/01\/dzielnikHV.jpg\"><img loading=\"lazy\" decoding=\"async\" width=\"459\" height=\"291\" src=\"http:\/\/alfard.ovh\/wp-content\/uploads\/2024\/01\/dzielnikHV.jpg\" alt=\"\" class=\"wp-image-565 size-full\" srcset=\"https:\/\/alfard.ovh\/wp-content\/uploads\/2024\/01\/dzielnikHV.jpg 459w, https:\/\/alfard.ovh\/wp-content\/uploads\/2024\/01\/dzielnikHV-300x190.jpg 300w\" sizes=\"auto, (max-width: 459px) 100vw, 459px\" \/><\/a><\/figure><div class=\"wp-block-media-text__content\">\n<p>Dzielnik napi\u0119cia umo\u017cliwiaj\u0105cy pomiar wysokiego napi\u0119cia podawanego na Rur\u0119 Geigera-Milera<\/p>\n<\/div><\/div>\n\n\n\n<div class=\"wp-block-media-text is-stacked-on-mobile\" style=\"grid-template-columns:20% auto\"><figure class=\"wp-block-media-text__media\"><a href=\"https:\/\/alfard.ovh\/wp-content\/uploads\/2024\/01\/GeigerHV.png\"><img loading=\"lazy\" decoding=\"async\" width=\"320\" height=\"240\" src=\"http:\/\/alfard.ovh\/wp-content\/uploads\/2024\/01\/GeigerHV.png\" alt=\"\" class=\"wp-image-549 size-full\" srcset=\"https:\/\/alfard.ovh\/wp-content\/uploads\/2024\/01\/GeigerHV.png 320w, https:\/\/alfard.ovh\/wp-content\/uploads\/2024\/01\/GeigerHV-300x225.png 300w\" sizes=\"auto, (max-width: 320px) 100vw, 320px\" \/><\/a><\/figure><div class=\"wp-block-media-text__content\">\n<p>Napi\u0119cie 400 V podawane jest przez opornik 10MOhm. Oscylogram przedstawia spadek wysokiego napi\u0119cia w chwili wy\u0142adowania mierzony wprost na rurze Geigera (przez dzielnik 6000:22 punkt GPIO39 ). Wy\u0142adowanie obni\u017ca napi\u0119cie co gasi to wy\u0142adowanie. Powr\u00f3t do gotowo\u015bci na kolejne wy\u0142adowanie wymaga ok 60usek.<\/p>\n<\/div><\/div>\n\n\n\n<div class=\"wp-block-media-text is-stacked-on-mobile\" style=\"grid-template-columns:19% auto\"><figure class=\"wp-block-media-text__media\"><a href=\"https:\/\/alfard.ovh\/wp-content\/uploads\/2023\/12\/Zrzut-ekranu-2023-12-31-004631.png\"><img loading=\"lazy\" decoding=\"async\" width=\"317\" height=\"239\" src=\"http:\/\/alfard.ovh\/wp-content\/uploads\/2023\/12\/Zrzut-ekranu-2023-12-31-004631.png\" alt=\"\" class=\"wp-image-539 size-full\" srcset=\"https:\/\/alfard.ovh\/wp-content\/uploads\/2023\/12\/Zrzut-ekranu-2023-12-31-004631.png 317w, https:\/\/alfard.ovh\/wp-content\/uploads\/2023\/12\/Zrzut-ekranu-2023-12-31-004631-300x226.png 300w\" sizes=\"auto, (max-width: 317px) 100vw, 317px\" \/><\/a><\/figure><div class=\"wp-block-media-text__content\">\n<p>impuls <strong>INT<\/strong> s\u0142u\u017cy do zlicze\u0144, pod\u0142\u0105czony do  GPIO26 uk\u0142adu ESP32<\/p>\n<\/div><\/div>\n\n\n\n<h2 class=\"wp-block-heading\">Tasmota<\/h2>\n\n\n\n<p>ESP32 kontrolowane jest systemem Tasmota w wersji &#8222;display&#8221; co umo\u017cliwia obs\u0142ug\u0119 wy\u015bwietlacza OLED.<\/p>\n\n\n\n<div class=\"wp-block-media-text is-stacked-on-mobile has-secondary-background-color has-background\" style=\"grid-template-columns:29% auto\"><figure class=\"wp-block-media-text__media\"><a href=\"https:\/\/alfard.ovh\/wp-content\/uploads\/2024\/01\/TasmotaGFG.jpg\"><img loading=\"lazy\" decoding=\"async\" width=\"327\" height=\"940\" src=\"http:\/\/alfard.ovh\/wp-content\/uploads\/2024\/01\/TasmotaGFG.jpg\" alt=\"\" class=\"wp-image-562 size-full\" srcset=\"https:\/\/alfard.ovh\/wp-content\/uploads\/2024\/01\/TasmotaGFG.jpg 327w, https:\/\/alfard.ovh\/wp-content\/uploads\/2024\/01\/TasmotaGFG-104x300.jpg 104w\" sizes=\"auto, (max-width: 327px) 100vw, 327px\" \/><\/a><\/figure><div class=\"wp-block-media-text__content\">\n<p>Konfiguracja Tasmota (display) dla wersji Geiger0. <\/p>\n\n\n\n<div class=\"wp-block-group has-global-padding is-layout-constrained wp-block-group-is-layout-constrained\">\n<p>ADC Range1 mierzy napi\u0119cie zasilania. <\/p>\n\n\n\n<p>ADC Range2 mierzy wysokie napi\u0119cie.<\/p>\n\n\n\n<p>Kalibracja dla pomiar\u00f3w napi\u0119cia jest mo\u017cliwa poleceniem w konsoli: <\/p>\n\n\n\n<div class=\"wp-block-group has-subtle-background-background-color has-background has-global-padding is-layout-constrained wp-block-group-is-layout-constrained\">\n<p><strong>AdcParam1 6,0,2005,0,500<\/strong><\/p>\n\n\n\n<p><strong>AdcParam2 6,0,1743,0,400<\/strong> <\/p>\n<\/div>\n\n\n\n<p>Uodpornienie licznika na szumy aby ich nie zlicza\u0142 ustalamy martwe czasy na 1 mSek. poleceniami:<\/p>\n\n\n\n<div class=\"wp-block-group has-subtle-background-background-color has-background has-normal-font-size has-global-padding is-layout-constrained wp-block-group-is-layout-constrained\">\n<p>CounterDebounce 1<\/p>\n\n\n\n<p>CounterDebounceLow 1<\/p>\n\n\n\n<p>CounterDebounceHigh 1<\/p>\n<\/div>\n<\/div>\n<\/div><\/div>\n\n\n\n<h2 class=\"wp-block-heading\">Rule<\/h2>\n\n\n\n<p>Funkcjonowanie licznika i wy\u015bwietlacza oLed umo\u017cliwiaj\u0105 nast\u0119puj\u0105ce Rule:<\/p>\n\n\n\n<div class=\"wp-block-group has-subtle-background-background-color has-background has-global-padding is-layout-constrained wp-block-group-is-layout-constrained\">\n<p>on tele-counter#c1 do<\/p>\n\n\n\n<p>Counter1 0<\/p>\n\n\n\n<p>endon<\/p>\n<\/div>\n\n\n\n<p>komenda <strong>Counter1 0<\/strong> to zerowanie licznika okresowo co <strong>Telemetry period<\/strong>, jest to 60 sek dla CPM kolejne polecenia wy\u015bwietlaj\u0105 CPM napi\u0119cia i temperatur\u0119 na display oLed<\/p>\n\n\n\n<div class=\"wp-block-group has-subtle-background-background-color has-background has-global-padding is-layout-constrained wp-block-group-is-layout-constrained\">\n<p>on tele-COUNTER#C1 do<\/p>\n\n\n\n<p>DisplayText [zs2x0y0]CPM:%value%<\/p>\n\n\n\n<p>endon<\/p>\n<\/div>\n\n\n\n<p>napi\u0119cie 5V wy\u015bwietlam w <strong>centy <\/strong>voltach [cV]<\/p>\n\n\n\n<div class=\"wp-block-group has-subtle-background-background-color has-background has-global-padding is-layout-constrained wp-block-group-is-layout-constrained\">\n<p>on tele-ANALOG#Range1 do<\/p>\n\n\n\n<p>DisplayText [x0y17] U:%value%cV<\/p>\n\n\n\n<p>endon<\/p>\n<\/div>\n\n\n\n<p>wysokie napi\u0119cie 400 V<\/p>\n\n\n\n<div class=\"wp-block-group has-subtle-background-background-color has-background has-global-padding is-layout-constrained wp-block-group-is-layout-constrained\">\n<p>on tele-ANALOG#Range2 do<\/p>\n\n\n\n<p>DisplayText [x0y35]HV:%value% V<\/p>\n\n\n\n<p>endon<\/p>\n<\/div>\n\n\n\n<p>temperatura w stopniach Celsiusza<\/p>\n\n\n\n<div class=\"wp-block-group has-subtle-background-background-color has-background has-global-padding is-layout-constrained wp-block-group-is-layout-constrained\">\n<p>on tele-DS18B20#Temperature do<\/p>\n\n\n\n<p>DisplayText [s1x19y54]Termo: %value% C<\/p>\n\n\n\n<p>endon<\/p>\n<\/div>\n\n\n\n<figure class=\"wp-block-image size-full is-resized is-style-rounded is-style-rounded--2\"><a href=\"https:\/\/alfard.ovh\/wp-content\/uploads\/2024\/01\/TasmotaMenu.jpg\"><img loading=\"lazy\" decoding=\"async\" width=\"452\" height=\"663\" src=\"http:\/\/alfard.ovh\/wp-content\/uploads\/2024\/01\/TasmotaMenu.jpg\" alt=\"\" class=\"wp-image-585\" style=\"width:118px;height:auto\" srcset=\"https:\/\/alfard.ovh\/wp-content\/uploads\/2024\/01\/TasmotaMenu.jpg 452w, https:\/\/alfard.ovh\/wp-content\/uploads\/2024\/01\/TasmotaMenu-205x300.jpg 205w\" sizes=\"auto, (max-width: 452px) 100vw, 452px\" \/><\/a><\/figure>\n\n\n\n<h2 class=\"wp-block-heading\">NodeRed<\/h2>\n\n\n\n<figure class=\"wp-block-image size-full\"><img loading=\"lazy\" decoding=\"async\" width=\"685\" height=\"148\" src=\"http:\/\/alfard.ovh\/wp-content\/uploads\/2024\/01\/NodeRedBloki.jpg\" alt=\"\" class=\"wp-image-602\" srcset=\"https:\/\/alfard.ovh\/wp-content\/uploads\/2024\/01\/NodeRedBloki.jpg 685w, https:\/\/alfard.ovh\/wp-content\/uploads\/2024\/01\/NodeRedBloki-300x65.jpg 300w\" sizes=\"auto, (max-width: 685px) 100vw, 685px\" \/><\/figure>\n\n\n\n<figure class=\"wp-block-image size-full\"><img loading=\"lazy\" decoding=\"async\" width=\"583\" height=\"232\" src=\"http:\/\/alfard.ovh\/wp-content\/uploads\/2024\/01\/NodeRedFunction.jpg\" alt=\"\" class=\"wp-image-603\" srcset=\"https:\/\/alfard.ovh\/wp-content\/uploads\/2024\/01\/NodeRedFunction.jpg 583w, https:\/\/alfard.ovh\/wp-content\/uploads\/2024\/01\/NodeRedFunction-300x119.jpg 300w\" sizes=\"auto, (max-width: 583px) 100vw, 583px\" \/><\/figure>\n\n\n\n<h2 class=\"wp-block-heading\">Analizy<\/h2>\n\n\n\n<div class=\"wp-block-media-text is-stacked-on-mobile\" style=\"grid-template-columns:25% auto\"><figure class=\"wp-block-media-text__media\"><a href=\"https:\/\/alfard.ovh\/wp-content\/uploads\/2024\/01\/HVfunT.jpg\"><img loading=\"lazy\" decoding=\"async\" width=\"422\" height=\"314\" src=\"http:\/\/alfard.ovh\/wp-content\/uploads\/2024\/01\/HVfunT.jpg\" alt=\"\" class=\"wp-image-628 size-full\" srcset=\"https:\/\/alfard.ovh\/wp-content\/uploads\/2024\/01\/HVfunT.jpg 422w, https:\/\/alfard.ovh\/wp-content\/uploads\/2024\/01\/HVfunT-300x223.jpg 300w\" sizes=\"auto, (max-width: 422px) 100vw, 422px\" \/><\/a><\/figure><div class=\"wp-block-media-text__content\">\n<p>Generator wysokiego napi\u0119cia (HV) wykazuje siln\u0105 zale\u017cno\u015b\u0107 od temperatury. Na szcz\u0119\u015bcie <strong>nie ma to wp\u0142ywu<\/strong> na ilo\u015b\u0107  zlicze\u0144 ( czu\u0142o\u015b\u0107 rury Geigera-Millera ). Ta niezale\u017cno\u015b\u0107 zapewnia dobrze dobrany punkt pracy, kt\u00f3ry jest na \u015brodku p\u0142askiej cz\u0119\u015bci charakterystyki napi\u0119ciowej licznika GM.<\/p>\n<\/div><\/div>\n\n\n\n<figure class=\"wp-block-image size-full\"><img loading=\"lazy\" decoding=\"async\" width=\"756\" height=\"606\" src=\"http:\/\/alfard.ovh\/wp-content\/uploads\/2024\/01\/TiHV.jpg\" alt=\"\" class=\"wp-image-634\" srcset=\"https:\/\/alfard.ovh\/wp-content\/uploads\/2024\/01\/TiHV.jpg 756w, https:\/\/alfard.ovh\/wp-content\/uploads\/2024\/01\/TiHV-300x240.jpg 300w\" sizes=\"auto, (max-width: 756px) 100vw, 756px\" \/><\/figure>\n","protected":false},"excerpt":{"rendered":"<p>Projekt jest rozwini\u0119ciem produktu IOT-GeigerCounter-ESP32 zosta\u0142 uzupe\u0142niony o pomiary napi\u0119\u0107 i temperatury oraz ich prezentacj\u0119 na wmontowanym wy\u015bwietlaczu. Tasmota zosta\u0142a tak skonfigurowana, \u017ce udost\u0119pnia dane w sieci za pomoc\u0105 MQTT. Baza danych jest uzupe\u0142niana specjalnie przygotowan\u0105 procedur\u0105 analizy danych za pomoc\u0105 NodeRed. Kontroler ESP32 z wy\u015bwietlaczem OLed Kontrola napi\u0119cia zasilaj\u0105cego ca\u0142y uk\u0142ad 5V jest realizowana [&hellip;]<\/p>\n","protected":false},"author":1,"featured_media":0,"parent":0,"menu_order":0,"comment_status":"closed","ping_status":"closed","template":"","meta":{"footnotes":"[]"},"class_list":["post-541","page","type-page","status-publish","hentry"],"_links":{"self":[{"href":"https:\/\/alfard.ovh\/index.php\/wp-json\/wp\/v2\/pages\/541","targetHints":{"allow":["GET"]}}],"collection":[{"href":"https:\/\/alfard.ovh\/index.php\/wp-json\/wp\/v2\/pages"}],"about":[{"href":"https:\/\/alfard.ovh\/index.php\/wp-json\/wp\/v2\/types\/page"}],"author":[{"embeddable":true,"href":"https:\/\/alfard.ovh\/index.php\/wp-json\/wp\/v2\/users\/1"}],"replies":[{"embeddable":true,"href":"https:\/\/alfard.ovh\/index.php\/wp-json\/wp\/v2\/comments?post=541"}],"version-history":[{"count":34,"href":"https:\/\/alfard.ovh\/index.php\/wp-json\/wp\/v2\/pages\/541\/revisions"}],"predecessor-version":[{"id":654,"href":"https:\/\/alfard.ovh\/index.php\/wp-json\/wp\/v2\/pages\/541\/revisions\/654"}],"wp:attachment":[{"href":"https:\/\/alfard.ovh\/index.php\/wp-json\/wp\/v2\/media?parent=541"}],"curies":[{"name":"wp","href":"https:\/\/api.w.org\/{rel}","templated":true}]}}