{"id":462,"date":"2023-08-18T15:20:47","date_gmt":"2023-08-18T13:20:47","guid":{"rendered":"https:\/\/alfard.ovh\/?page_id=462"},"modified":"2023-08-18T23:27:17","modified_gmt":"2023-08-18T21:27:17","slug":"lua-loader-dla-esp32","status":"publish","type":"page","link":"https:\/\/alfard.ovh\/index.php\/lua-loader-dla-esp32\/","title":{"rendered":"LUA loader dla ESP32"},"content":{"rendered":"\n<div class=\"wp-block-media-text is-stacked-on-mobile\" style=\"grid-template-columns:37% auto\"><figure class=\"wp-block-media-text__media\"><a href=\"https:\/\/alfard.ovh\/wp-content\/uploads\/2023\/08\/luaLo32.png\"><img loading=\"lazy\" decoding=\"async\" width=\"826\" height=\"498\" src=\"http:\/\/alfard.ovh\/wp-content\/uploads\/2023\/08\/luaLo32.png\" alt=\"\" class=\"wp-image-464 size-full\" srcset=\"https:\/\/alfard.ovh\/wp-content\/uploads\/2023\/08\/luaLo32.png 826w, https:\/\/alfard.ovh\/wp-content\/uploads\/2023\/08\/luaLo32-300x181.png 300w, https:\/\/alfard.ovh\/wp-content\/uploads\/2023\/08\/luaLo32-768x463.png 768w\" sizes=\"auto, (max-width: 826px) 100vw, 826px\" \/><\/a><\/figure><div class=\"wp-block-media-text__content\">\n<p>ESP32 daje do dyspozycji 5x wi\u0119cej pami\u0119ci RAM w stosunku do ESP8266. LuaLoader umo\u017cliwia i u\u0142atwia programowanie uk\u0142ad\u00f3w ESP32 NodeMCU w j\u0119zyku Lua. Powsta\u0142 na bazie i na wz\u00f3r LuaLoader <a href=\"http:\/\/benlo.com\/esp8266\/\">benlo.com<\/a><\/p>\n<\/div><\/div>\n\n\n\n<p>ESP32 daje do dyspozycji 5x wi\u0119cej pami\u0119ci RAM w stosunku do ESP8266. LuaLoader umo\u017cliwia i u\u0142atwia programowanie uk\u0142ad\u00f3w ESP32 NodeMCU w j\u0119zyku Lua. Powsta\u0142 na bazie i na wz\u00f3r LuaLoader <a href=\"http:\/\/benlo.com\/esp8266\/\">benlo.com<\/a><\/p>\n\n\n\n<p>Ta aplikacja jest g\u0142\u00f3wnym sk\u0142adnikiem \u015brodowiska uruchomieniowego dla Internetu Rzeczy ( IOT ) opartego o kontrolery ESP32<\/p>\n\n\n\n<h2 class=\"wp-block-heading\">Funkcje<\/h2>\n\n\n\n<p>Opis dotyczy wersji dla ESP32.<\/p>\n\n\n\n<ul class=\"wp-block-list\">\n<li>upload i download plik\u00f3w LUA, TXT i BIN do i z ESP<\/li>\n\n\n\n<li>wysylanie komend do ESP<\/li>\n\n\n\n<li>obserwowanie w oknie terminala kontrolnych wynik\u00f3w dzia\u0142ania programu napisanego w LUA i wykonywanego w NodeMCU fizycznie w ESP<\/li>\n\n\n\n<li>konfigurowanie WiFi<\/li>\n\n\n\n<li>sterowanie GPIO<\/li>\n<\/ul>\n\n\n\n<p>Program komunikuje si\u0119 z uk\u0142adem ESP32 w oparciu o fizyczny USB i virtualny COM.<\/p>\n\n\n\n<p>Plik programu mo\u017cna pobra\u0107 z adresu:<\/p>\n\n\n\n<ul class=\"wp-block-list\">\n<li><a href=\"https:\/\/alfard.ovh\/wp-content\/uploads\/plikit1ak\/LuaLoader32v422a.rar\">data 2023-07 ver. 4.22<\/a><\/li>\n\n\n\n<li>wersja 20&#8230;<\/li>\n<\/ul>\n","protected":false},"excerpt":{"rendered":"<p>ESP32 daje do dyspozycji 5x wi\u0119cej pami\u0119ci RAM w stosunku do ESP8266. LuaLoader umo\u017cliwia i u\u0142atwia programowanie uk\u0142ad\u00f3w ESP32 NodeMCU w j\u0119zyku Lua. Powsta\u0142 na bazie i na wz\u00f3r LuaLoader benlo.com ESP32 daje do dyspozycji 5x wi\u0119cej pami\u0119ci RAM w stosunku do ESP8266. LuaLoader umo\u017cliwia i u\u0142atwia programowanie uk\u0142ad\u00f3w ESP32 NodeMCU w j\u0119zyku Lua. Powsta\u0142 [&hellip;]<\/p>\n","protected":false},"author":1,"featured_media":0,"parent":0,"menu_order":0,"comment_status":"closed","ping_status":"closed","template":"","meta":{"footnotes":""},"class_list":["post-462","page","type-page","status-publish","hentry"],"_links":{"self":[{"href":"https:\/\/alfard.ovh\/index.php\/wp-json\/wp\/v2\/pages\/462","targetHints":{"allow":["GET"]}}],"collection":[{"href":"https:\/\/alfard.ovh\/index.php\/wp-json\/wp\/v2\/pages"}],"about":[{"href":"https:\/\/alfard.ovh\/index.php\/wp-json\/wp\/v2\/types\/page"}],"author":[{"embeddable":true,"href":"https:\/\/alfard.ovh\/index.php\/wp-json\/wp\/v2\/users\/1"}],"replies":[{"embeddable":true,"href":"https:\/\/alfard.ovh\/index.php\/wp-json\/wp\/v2\/comments?post=462"}],"version-history":[{"count":3,"href":"https:\/\/alfard.ovh\/index.php\/wp-json\/wp\/v2\/pages\/462\/revisions"}],"predecessor-version":[{"id":475,"href":"https:\/\/alfard.ovh\/index.php\/wp-json\/wp\/v2\/pages\/462\/revisions\/475"}],"wp:attachment":[{"href":"https:\/\/alfard.ovh\/index.php\/wp-json\/wp\/v2\/media?parent=462"}],"curies":[{"name":"wp","href":"https:\/\/api.w.org\/{rel}","templated":true}]}}