{"id":411,"date":"2023-08-18T00:35:13","date_gmt":"2023-08-17T22:35:13","guid":{"rendered":"https:\/\/alfard.ovh\/?page_id=411"},"modified":"2026-01-05T00:25:46","modified_gmt":"2026-01-04T23:25:46","slug":"licznik-g-m","status":"publish","type":"page","link":"https:\/\/alfard.ovh\/index.php\/licznik-g-m\/","title":{"rendered":"Licznik G-M : XR-1"},"content":{"rendered":"\n<p>Opis rozbudowy urz\u0105dzenia XR-1 o kontroler ESP8266<\/p>\n\n\n\n<div class=\"wp-block-media-text alignwide is-stacked-on-mobile\" style=\"grid-template-columns:19% auto\"><figure class=\"wp-block-media-text__media\"><a href=\"https:\/\/alfard.ovh\/wp-content\/uploads\/2023\/07\/GeigerMobilnyF.jpg\"><img loading=\"lazy\" decoding=\"async\" width=\"528\" height=\"642\" src=\"http:\/\/alfard.ovh\/wp-content\/uploads\/2023\/07\/GeigerMobilnyF.jpg\" alt=\"\" class=\"wp-image-185 size-full\" srcset=\"https:\/\/alfard.ovh\/wp-content\/uploads\/2023\/07\/GeigerMobilnyF.jpg 528w, https:\/\/alfard.ovh\/wp-content\/uploads\/2023\/07\/GeigerMobilnyF-247x300.jpg 247w\" sizes=\"auto, (max-width: 528px) 100vw, 528px\" \/><\/a><\/figure><div class=\"wp-block-media-text__content\">\n<p>Opis rozbudowy fabrycznego urz\u0105dzenia XR-1. Dodanie modu\u0142u ESP8266, kt\u00f3ry umo\u017cliwi komunikacj\u0119 WiFi a przez to gromadzenie na zdalnym serwerze i prezentacj\u0119 ci\u0105g\u0142ych pomiar\u00f3w w d\u0142ugim okresie.<\/p>\n\n\n\n<p>Dost\u0119pny popularny zgrabny licznik Geigera XR-1, kt\u00f3ry zliczy ka\u017cd\u0105 cz\u0105stk\u0119 jonizuj\u0105c\u0105. Jest odporny na zak\u0142\u00f3cenia i nie reaguje na ultrafiolet. Co dalej ? Pomiary chwilowe s\u0105 mo\u017cliwe i wygodne. Pomiary monitoruj\u0105ce ju\u017c nie. Ten przyrz\u0105d nie ma komunikacji ze \u015bwiatem.<\/p>\n<\/div><\/div>\n\n\n\n<div class=\"wp-block-media-text alignwide is-stacked-on-mobile\" style=\"grid-template-columns:17% auto\"><figure class=\"wp-block-media-text__media\"><a href=\"https:\/\/alfard.ovh\/wp-content\/uploads\/2023\/07\/GeigerMobilnyTyl.jpg\"><img loading=\"lazy\" decoding=\"async\" width=\"331\" height=\"469\" src=\"http:\/\/alfard.ovh\/wp-content\/uploads\/2023\/07\/GeigerMobilnyTyl.jpg\" alt=\"scianka tylna z miejscem na baterie\" class=\"wp-image-188 size-full\" srcset=\"https:\/\/alfard.ovh\/wp-content\/uploads\/2023\/07\/GeigerMobilnyTyl.jpg 331w, https:\/\/alfard.ovh\/wp-content\/uploads\/2023\/07\/GeigerMobilnyTyl-212x300.jpg 212w\" sizes=\"auto, (max-width: 331px) 100vw, 331px\" \/><\/a><\/figure><div class=\"wp-block-media-text__content\">\n<p>Tylna \u015bcianka obudowy XR-1 zawiera miejsce na baterie 3xAA. Tam zmie\u015bci\u0142 si\u0119 ESP8266 D1 mini<\/p>\n<\/div><\/div>\n\n\n<h5 style=\"text-align: left;\">Schematy po\u0142\u0105cze\u0144 dodatkowego uk\u0142adu do XR-1<\/h5>\n\n\n<div class=\"wp-block-media-text alignwide is-stacked-on-mobile\" style=\"grid-template-columns:25% auto\"><figure class=\"wp-block-media-text__media\"><a href=\"http:\/\/alfard.ovh\/wp-content\/uploads\/2023\/07\/SchematGeigerGinter-1.jpg\"><img loading=\"lazy\" decoding=\"async\" width=\"1024\" height=\"732\" src=\"http:\/\/alfard.ovh\/wp-content\/uploads\/2023\/07\/SchematGeigerGinter-1-1024x732.jpg\" alt=\"\" class=\"wp-image-370 size-full\" srcset=\"https:\/\/alfard.ovh\/wp-content\/uploads\/2023\/07\/SchematGeigerGinter-1-1024x732.jpg 1024w, https:\/\/alfard.ovh\/wp-content\/uploads\/2023\/07\/SchematGeigerGinter-1-300x214.jpg 300w, https:\/\/alfard.ovh\/wp-content\/uploads\/2023\/07\/SchematGeigerGinter-1-768x549.jpg 768w, https:\/\/alfard.ovh\/wp-content\/uploads\/2023\/07\/SchematGeigerGinter-1-1200x857.jpg 1200w, https:\/\/alfard.ovh\/wp-content\/uploads\/2023\/07\/SchematGeigerGinter-1.jpg 1366w\" sizes=\"auto, (max-width: 1024px) 100vw, 1024px\" \/><\/a><\/figure><div class=\"wp-block-media-text__content\">\n<p>schemat po\u0142\u0105cze\u0144 wersji z OLED i termometrem &#8211; przewody skierowane w d\u00f3\u0142 s\u0105 do pod\u0142\u0105czenia z punktami A B C przyrz\u0105du XR-1<\/p>\n<\/div><\/div>\n\n\n\n<div class=\"wp-block-media-text alignwide is-stacked-on-mobile\" style=\"grid-template-columns:26% auto\"><figure class=\"wp-block-media-text__media\"><a href=\"https:\/\/alfard.ovh\/wp-content\/uploads\/2023\/07\/SchematGeigerMinimum-1.jpg\"><img loading=\"lazy\" decoding=\"async\" width=\"1024\" height=\"835\" src=\"http:\/\/alfard.ovh\/wp-content\/uploads\/2023\/07\/SchematGeigerMinimum-1-1024x835.jpg\" alt=\"\" class=\"wp-image-372 size-full\" srcset=\"https:\/\/alfard.ovh\/wp-content\/uploads\/2023\/07\/SchematGeigerMinimum-1-1024x835.jpg 1024w, https:\/\/alfard.ovh\/wp-content\/uploads\/2023\/07\/SchematGeigerMinimum-1-300x245.jpg 300w, https:\/\/alfard.ovh\/wp-content\/uploads\/2023\/07\/SchematGeigerMinimum-1-768x627.jpg 768w, https:\/\/alfard.ovh\/wp-content\/uploads\/2023\/07\/SchematGeigerMinimum-1.jpg 1075w\" sizes=\"auto, (max-width: 1024px) 100vw, 1024px\" \/><\/a><\/figure><div class=\"wp-block-media-text__content\">\n<p>Wersja minimum, zlicza impulsy i &#8222;naciska&#8221; klawisz [L] &#8211; przewody skierowane w d\u00f3\u0142 s\u0105 do XR-1<\/p>\n<\/div><\/div>\n\n\n\n<h2 class=\"wp-block-heading\">Gdzie si\u0119 pod\u0142\u0105czy\u0107 ?<\/h2>\n\n\n\n<div class=\"wp-block-media-text alignwide is-stacked-on-mobile is-style-default\" style=\"grid-template-columns:33% auto\"><figure class=\"wp-block-media-text__media\"><a href=\"https:\/\/alfard.ovh\/wp-content\/uploads\/2023\/07\/Geiger3.jpg\"><img loading=\"lazy\" decoding=\"async\" width=\"300\" height=\"190\" src=\"https:\/\/alfard.ovh\/wp-content\/uploads\/2023\/07\/Geiger3-300x190.jpg\" alt=\"\" class=\"wp-image-289 size-full\" srcset=\"https:\/\/alfard.ovh\/wp-content\/uploads\/2023\/07\/Geiger3-300x190.jpg 300w, https:\/\/alfard.ovh\/wp-content\/uploads\/2023\/07\/Geiger3-1024x650.jpg 1024w, https:\/\/alfard.ovh\/wp-content\/uploads\/2023\/07\/Geiger3-768x488.jpg 768w, https:\/\/alfard.ovh\/wp-content\/uploads\/2023\/07\/Geiger3-1536x975.jpg 1536w, https:\/\/alfard.ovh\/wp-content\/uploads\/2023\/07\/Geiger3-1200x762.jpg 1200w, https:\/\/alfard.ovh\/wp-content\/uploads\/2023\/07\/Geiger3.jpg 1569w\" sizes=\"auto, (max-width: 300px) 100vw, 300px\" \/><\/a><\/figure><div class=\"wp-block-media-text__content\">\n<p>Miejsca gdzie przylutowa\u0107 druciki oznaczono A B i C<\/p>\n<\/div><\/div>\n\n\n\n<div class=\"wp-block-media-text alignwide has-media-on-the-right is-stacked-on-mobile\" style=\"grid-template-columns:auto 15%\"><div class=\"wp-block-media-text__content\">\n<p class=\"has-text-align-right\">Obraz oscyloskopowy sygna\u0142u w punkcie <strong>C.<\/strong><\/p>\n<\/div><figure class=\"wp-block-media-text__media\"><a href=\"http:\/\/alfard.ovh\/wp-content\/uploads\/2023\/12\/Zrzut-ekranu-2023-12-31-004631.png\"><img loading=\"lazy\" decoding=\"async\" width=\"317\" height=\"239\" src=\"http:\/\/alfard.ovh\/wp-content\/uploads\/2023\/12\/Zrzut-ekranu-2023-12-31-004631.png\" alt=\"\" class=\"wp-image-539 size-full\" srcset=\"https:\/\/alfard.ovh\/wp-content\/uploads\/2023\/12\/Zrzut-ekranu-2023-12-31-004631.png 317w, https:\/\/alfard.ovh\/wp-content\/uploads\/2023\/12\/Zrzut-ekranu-2023-12-31-004631-300x226.png 300w\" sizes=\"auto, (max-width: 317px) 100vw, 317px\" \/><\/a><\/figure><\/div>\n\n\n\n<div class=\"wp-block-media-text is-stacked-on-mobile\"><figure class=\"wp-block-media-text__media\"><a href=\"https:\/\/alfard.ovh\/wp-content\/uploads\/2023\/08\/klawisze.png\"><img loading=\"lazy\" decoding=\"async\" width=\"878\" height=\"884\" src=\"http:\/\/alfard.ovh\/wp-content\/uploads\/2023\/08\/klawisze.png\" alt=\"\" class=\"wp-image-508 size-full\" srcset=\"https:\/\/alfard.ovh\/wp-content\/uploads\/2023\/08\/klawisze.png 878w, https:\/\/alfard.ovh\/wp-content\/uploads\/2023\/08\/klawisze-298x300.png 298w, https:\/\/alfard.ovh\/wp-content\/uploads\/2023\/08\/klawisze-150x150.png 150w, https:\/\/alfard.ovh\/wp-content\/uploads\/2023\/08\/klawisze-768x773.png 768w\" sizes=\"auto, (max-width: 878px) 100vw, 878px\" \/><\/a><\/figure><div class=\"wp-block-media-text__content\">\n<p>miejsca lutowa\u0144 drucik\u00f3w do klawiszy <strong>L<\/strong> i <strong>ON<\/strong>. Drucik z klawisza ON pod\u0142\u0105cz do masy &#8211; ja to zrobi\u0142em przez mikro wy\u0142\u0105cznik.<\/p>\n<\/div><\/div>\n\n\n\n<h2 class=\"wp-block-heading\">Galeria fotografii w\u0142asnych<\/h2>\n\n\n\n<figure class=\"wp-block-gallery has-nested-images columns-2 wp-block-gallery-1 is-layout-flex wp-block-gallery-is-layout-flex\">\n<figure class=\"wp-block-image size-full\"><a href=\"https:\/\/alfard.ovh\/wp-content\/uploads\/2023\/07\/Geiger5a.jpg\"><img loading=\"lazy\" decoding=\"async\" width=\"562\" height=\"788\" data-id=\"323\" src=\"https:\/\/alfard.ovh\/wp-content\/uploads\/2023\/07\/Geiger5a.jpg\" alt=\"\" class=\"wp-image-323\" srcset=\"https:\/\/alfard.ovh\/wp-content\/uploads\/2023\/07\/Geiger5a.jpg 562w, https:\/\/alfard.ovh\/wp-content\/uploads\/2023\/07\/Geiger5a-214x300.jpg 214w\" sizes=\"auto, (max-width: 562px) 100vw, 562px\" \/><\/a><\/figure>\n\n\n\n<figure class=\"wp-block-image size-full\"><a href=\"https:\/\/alfard.ovh\/wp-content\/uploads\/2023\/07\/Geiger3a.jpg\"><img loading=\"lazy\" decoding=\"async\" width=\"787\" height=\"1147\" data-id=\"321\" src=\"https:\/\/alfard.ovh\/wp-content\/uploads\/2023\/07\/Geiger3a.jpg\" alt=\"\" class=\"wp-image-321\" srcset=\"https:\/\/alfard.ovh\/wp-content\/uploads\/2023\/07\/Geiger3a.jpg 787w, https:\/\/alfard.ovh\/wp-content\/uploads\/2023\/07\/Geiger3a-206x300.jpg 206w, https:\/\/alfard.ovh\/wp-content\/uploads\/2023\/07\/Geiger3a-703x1024.jpg 703w, https:\/\/alfard.ovh\/wp-content\/uploads\/2023\/07\/Geiger3a-768x1119.jpg 768w\" sizes=\"auto, (max-width: 787px) 100vw, 787px\" \/><\/a><\/figure>\n\n\n\n<figure class=\"wp-block-image size-full\"><a href=\"https:\/\/alfard.ovh\/wp-content\/uploads\/2023\/07\/Geiger6a.jpg\"><img loading=\"lazy\" decoding=\"async\" width=\"1106\" height=\"829\" data-id=\"324\" src=\"https:\/\/alfard.ovh\/wp-content\/uploads\/2023\/07\/Geiger6a.jpg\" alt=\"\" class=\"wp-image-324\" srcset=\"https:\/\/alfard.ovh\/wp-content\/uploads\/2023\/07\/Geiger6a.jpg 1106w, https:\/\/alfard.ovh\/wp-content\/uploads\/2023\/07\/Geiger6a-300x225.jpg 300w, https:\/\/alfard.ovh\/wp-content\/uploads\/2023\/07\/Geiger6a-1024x768.jpg 1024w, https:\/\/alfard.ovh\/wp-content\/uploads\/2023\/07\/Geiger6a-768x576.jpg 768w\" sizes=\"auto, (max-width: 1106px) 100vw, 1106px\" \/><\/a><\/figure>\n\n\n\n<figure class=\"wp-block-image size-full\"><a href=\"https:\/\/alfard.ovh\/wp-content\/uploads\/2023\/07\/Geiger7a.jpg\"><img loading=\"lazy\" decoding=\"async\" width=\"1511\" height=\"1005\" data-id=\"325\" src=\"https:\/\/alfard.ovh\/wp-content\/uploads\/2023\/07\/Geiger7a.jpg\" alt=\"\" class=\"wp-image-325\" srcset=\"https:\/\/alfard.ovh\/wp-content\/uploads\/2023\/07\/Geiger7a.jpg 1511w, https:\/\/alfard.ovh\/wp-content\/uploads\/2023\/07\/Geiger7a-300x200.jpg 300w, https:\/\/alfard.ovh\/wp-content\/uploads\/2023\/07\/Geiger7a-1024x681.jpg 1024w, https:\/\/alfard.ovh\/wp-content\/uploads\/2023\/07\/Geiger7a-768x511.jpg 768w, https:\/\/alfard.ovh\/wp-content\/uploads\/2023\/07\/Geiger7a-1200x798.jpg 1200w\" sizes=\"auto, (max-width: 1511px) 100vw, 1511px\" \/><\/a><\/figure>\n\n\n\n<figure class=\"wp-block-image size-full\"><a href=\"https:\/\/alfard.ovh\/wp-content\/uploads\/2023\/07\/Geiger8a.jpg\"><img loading=\"lazy\" decoding=\"async\" width=\"1584\" height=\"983\" data-id=\"326\" src=\"https:\/\/alfard.ovh\/wp-content\/uploads\/2023\/07\/Geiger8a.jpg\" alt=\"\" class=\"wp-image-326\" srcset=\"https:\/\/alfard.ovh\/wp-content\/uploads\/2023\/07\/Geiger8a.jpg 1584w, https:\/\/alfard.ovh\/wp-content\/uploads\/2023\/07\/Geiger8a-300x186.jpg 300w, https:\/\/alfard.ovh\/wp-content\/uploads\/2023\/07\/Geiger8a-1024x635.jpg 1024w, https:\/\/alfard.ovh\/wp-content\/uploads\/2023\/07\/Geiger8a-768x477.jpg 768w, https:\/\/alfard.ovh\/wp-content\/uploads\/2023\/07\/Geiger8a-1536x953.jpg 1536w, https:\/\/alfard.ovh\/wp-content\/uploads\/2023\/07\/Geiger8a-1200x745.jpg 1200w\" sizes=\"auto, (max-width: 1584px) 100vw, 1584px\" \/><\/a><\/figure>\n\n\n\n<figure class=\"wp-block-image size-full\"><a href=\"https:\/\/alfard.ovh\/wp-content\/uploads\/2023\/07\/Geiger9a.jpg\"><img loading=\"lazy\" decoding=\"async\" width=\"1409\" height=\"962\" data-id=\"327\" src=\"https:\/\/alfard.ovh\/wp-content\/uploads\/2023\/07\/Geiger9a.jpg\" alt=\"\" class=\"wp-image-327\" srcset=\"https:\/\/alfard.ovh\/wp-content\/uploads\/2023\/07\/Geiger9a.jpg 1409w, https:\/\/alfard.ovh\/wp-content\/uploads\/2023\/07\/Geiger9a-300x205.jpg 300w, https:\/\/alfard.ovh\/wp-content\/uploads\/2023\/07\/Geiger9a-1024x699.jpg 1024w, https:\/\/alfard.ovh\/wp-content\/uploads\/2023\/07\/Geiger9a-768x524.jpg 768w, https:\/\/alfard.ovh\/wp-content\/uploads\/2023\/07\/Geiger9a-1200x819.jpg 1200w\" sizes=\"auto, (max-width: 1409px) 100vw, 1409px\" \/><\/a><\/figure>\n\n\n\n<figure class=\"wp-block-image size-full\"><a href=\"https:\/\/alfard.ovh\/wp-content\/uploads\/2023\/07\/Geiger4a.jpg\"><img loading=\"lazy\" decoding=\"async\" width=\"1556\" height=\"1116\" data-id=\"322\" src=\"https:\/\/alfard.ovh\/wp-content\/uploads\/2023\/07\/Geiger4a.jpg\" alt=\"\" class=\"wp-image-322\" srcset=\"https:\/\/alfard.ovh\/wp-content\/uploads\/2023\/07\/Geiger4a.jpg 1556w, https:\/\/alfard.ovh\/wp-content\/uploads\/2023\/07\/Geiger4a-300x215.jpg 300w, https:\/\/alfard.ovh\/wp-content\/uploads\/2023\/07\/Geiger4a-1024x734.jpg 1024w, https:\/\/alfard.ovh\/wp-content\/uploads\/2023\/07\/Geiger4a-768x551.jpg 768w, https:\/\/alfard.ovh\/wp-content\/uploads\/2023\/07\/Geiger4a-1536x1102.jpg 1536w, https:\/\/alfard.ovh\/wp-content\/uploads\/2023\/07\/Geiger4a-1200x861.jpg 1200w\" sizes=\"auto, (max-width: 1556px) 100vw, 1556px\" \/><\/a><\/figure>\n<\/figure>\n\n\n\n<h2 class=\"wp-block-heading\">\u015arodowisko programistyczne<\/h2>\n\n\n\n<ul class=\"wp-block-list\">\n<li>Wykorzysta\u0142em jak na razie bezp\u0142atny system Tasmota, kt\u00f3r\u0105 bardzo \u0142atwo wgrywa si\u0119 i to on-line ze strony: <a rel=\"noreferrer noopener\" href=\"https:\/\/tasmota.github.io\/install\/\" target=\"_blank\">https:\/\/tasmota.github.io\/install\/<\/a> TASMOTA zapewnia obs\u0142ug\u0119 MQTT co jest pomocne do komunikacji ze \u015bwiatem.<\/li>\n\n\n\n<li>Tasmota za pomoc\u0105 protoko\u0142u mqtt wymienia dane z serwerem nazywanym te\u017c brokerem moquitto <a href=\"https:\/\/www.robotyka.net.pl\/mqtt-moquitto-w-praktyce-instalacja-i-podstawy-uzytkowania\/\" target=\"_blank\" rel=\"noreferrer noopener\">( opis moquitto )<\/a><\/li>\n\n\n\n<li>\u015arodowisko on-line jakim jest NodeRed te\u017c komunikuje si\u0119 z mosquitto analizuje i filtruje dane dane, kt\u00f3re wysy\u0142a do bazy danych MySQL.<\/li>\n\n\n\n<li>Teraz pozostaje udost\u0119pni\u0107 wykresy czyli zrobi\u0107 stron\u0119 www ze skryptami PHP oraz Jawy.<\/li>\n<\/ul>\n\n\n\n<h2 class=\"wp-block-heading\">Konfiguracja Tasmota<\/h2>\n\n\n\n<figure class=\"wp-block-image size-full\"><img loading=\"lazy\" decoding=\"async\" width=\"391\" height=\"486\" src=\"http:\/\/alfard.ovh\/wp-content\/uploads\/2025\/01\/GeigerTasmotaMain.jpg\" alt=\"\" class=\"wp-image-979\" srcset=\"https:\/\/alfard.ovh\/wp-content\/uploads\/2025\/01\/GeigerTasmotaMain.jpg 391w, https:\/\/alfard.ovh\/wp-content\/uploads\/2025\/01\/GeigerTasmotaMain-241x300.jpg 241w\" sizes=\"auto, (max-width: 391px) 100vw, 391px\" \/><\/figure>\n\n\n\n<div class=\"wp-block-media-text alignwide is-stacked-on-mobile\" style=\"grid-template-columns:22% auto\"><figure class=\"wp-block-media-text__media\"><img loading=\"lazy\" decoding=\"async\" width=\"471\" height=\"892\" src=\"https:\/\/alfard.ovh\/wp-content\/uploads\/2023\/07\/obraz-2.png\" alt=\"\" class=\"wp-image-334 size-full\" srcset=\"https:\/\/alfard.ovh\/wp-content\/uploads\/2023\/07\/obraz-2.png 471w, https:\/\/alfard.ovh\/wp-content\/uploads\/2023\/07\/obraz-2-158x300.png 158w\" sizes=\"auto, (max-width: 471px) 100vw, 471px\" \/><\/figure><div class=\"wp-block-media-text__content\">\n<p>wersja bez termometru i wy\u015bwietlacza. Tasmota ma mo\u017cliwo\u015b\u0107 uruchamiania skrypt\u00f3w, kt\u00f3re musimy wykorzysta\u0107. Dla potrzeb zerowania licznika dzia\u0142a rule1 o tre\u015bci:<\/p>\n\n\n\n<blockquote class=\"wp-block-quote is-layout-flow wp-block-quote-is-layout-flow\">\n<p>rule1<\/p>\n<cite>on tele-counter#c1 do<br>  counter1 0<br>endon<br>on tele-counter#c1 do<br>  power1 1<br>endon<\/cite><\/blockquote>\n\n\n\n<p>power1 1 steruje klawiszem L (rozwiera)<\/p>\n<\/div><\/div>\n\n\n\n<h2 class=\"wp-block-heading\">wersja OLED Tasmota od 2025<\/h2>\n\n\n\n<div class=\"wp-block-media-text alignwide is-stacked-on-mobile\" style=\"grid-template-columns:23% auto\"><figure class=\"wp-block-media-text__media\"><img loading=\"lazy\" decoding=\"async\" width=\"337\" height=\"582\" src=\"https:\/\/alfard.ovh\/wp-content\/uploads\/2025\/01\/GeigerTasmota.jpg\" alt=\"\" class=\"wp-image-977 size-full\" srcset=\"https:\/\/alfard.ovh\/wp-content\/uploads\/2025\/01\/GeigerTasmota.jpg 337w, https:\/\/alfard.ovh\/wp-content\/uploads\/2025\/01\/GeigerTasmota-174x300.jpg 174w\" sizes=\"auto, (max-width: 337px) 100vw, 337px\" \/><\/figure><div class=\"wp-block-media-text__content\">\n<p>wersja z OLED i termometrem DS18b20 wymaga zdefiniowania Rule1 i Rule3. <\/p>\n\n\n\n<blockquote class=\"wp-block-quote is-layout-flow wp-block-quote-is-layout-flow\">\n<p>Rule1<\/p>\n<cite>on tele-counter#c1 do<br>  counter1 0<br>endon<br>on tele-counter#c1 do<br>  if (VAR2&lt;4) power1 TOGGLE; VAR2=VAR2+1 endif<br>endon<br>on tele-COUNTER#C1 do<br>  DisplayText Licznik %value%<br>endon<br>on tele-DS18B20#temperature do<br>if (VAR1&lt;5) displaymode %VAR1%; VAR1=VAR1+1 else VAR1 1 endif<br>endon<br>on System#Boot do<br>  Backlog VAR1=3; power1 0; VAR2 0; power2 1<br>endon<\/cite><\/blockquote>\n\n\n\n<p>Power2 i Toggle2 s\u0105 virtualne i zwi\u0105zane z wy\u015bwietlaczem OLED. Impulsy s\u0105 podawane na GPIO13 (D7). Counter_n oznacza, \u017ce pin jest bez wewn\u0119trznego rezystora podci\u0105gaj\u0105cego (internal pull-up resistor).<\/p>\n\n\n\n<p>Regulacja czu\u0142o\u015bci licznika eliminuj\u0105ca zak\u0142\u00f3cenia polega na okre\u015bleniu minimalnego czasu pomi\u0119dzy kolejnymi impulsami: CounterDebounce 1 ms.<\/p>\n<\/div><\/div>\n\n\n\n<p>Rule3 musi by\u0107 takie rozbudowane i nie powinno by\u0107 aktywne bo wykonuje go [ Option A3 ]. Tak uaktywnia si\u0119 uDisplay driver dla Oled Display w nowej Tasmota.<\/p>\n\n\n\n<p>Rule3 :H,SSD1306,128,64,1,I2C,3c,,,* :S,0,2,1,0,30,20 :I AE D5,80 A8,3F D3,00 40 8D,14 20,00 A1 C8 DA,12 81,9F D9,F1 DB,40 A4 A6 AF :o,AE :O,AF :A,00,10,40,00,00 :i,A6,A7 #<\/p>\n\n\n\n<p>wi\u0119cej na: <a href=\"https:\/\/tasmota.github.io\/docs\/Universal-Display-Driver\/\" target=\"_blank\" rel=\"noreferrer noopener\">tasmota.github <\/a> a konkretnie: <a href=\"https:\/\/github.com\/arendst\/Tasmota\/discussions\/21412#discussioncomment-11193023\">copy RULE 3<\/a><\/p>\n\n\n\n<p><\/p>\n","protected":false},"excerpt":{"rendered":"<p>Opis rozbudowy urz\u0105dzenia XR-1 o kontroler ESP8266 Opis rozbudowy fabrycznego urz\u0105dzenia XR-1. Dodanie modu\u0142u ESP8266, kt\u00f3ry umo\u017cliwi komunikacj\u0119 WiFi a przez to gromadzenie na zdalnym serwerze i prezentacj\u0119 ci\u0105g\u0142ych pomiar\u00f3w w d\u0142ugim okresie. Dost\u0119pny popularny zgrabny licznik Geigera XR-1, kt\u00f3ry zliczy ka\u017cd\u0105 cz\u0105stk\u0119 jonizuj\u0105c\u0105. Jest odporny na zak\u0142\u00f3cenia i nie reaguje na ultrafiolet. Co dalej [&hellip;]<\/p>\n","protected":false},"author":1,"featured_media":0,"parent":0,"menu_order":0,"comment_status":"closed","ping_status":"closed","template":"","meta":{"footnotes":""},"class_list":["post-411","page","type-page","status-publish","hentry"],"_links":{"self":[{"href":"https:\/\/alfard.ovh\/index.php\/wp-json\/wp\/v2\/pages\/411","targetHints":{"allow":["GET"]}}],"collection":[{"href":"https:\/\/alfard.ovh\/index.php\/wp-json\/wp\/v2\/pages"}],"about":[{"href":"https:\/\/alfard.ovh\/index.php\/wp-json\/wp\/v2\/types\/page"}],"author":[{"embeddable":true,"href":"https:\/\/alfard.ovh\/index.php\/wp-json\/wp\/v2\/users\/1"}],"replies":[{"embeddable":true,"href":"https:\/\/alfard.ovh\/index.php\/wp-json\/wp\/v2\/comments?post=411"}],"version-history":[{"count":17,"href":"https:\/\/alfard.ovh\/index.php\/wp-json\/wp\/v2\/pages\/411\/revisions"}],"predecessor-version":[{"id":1360,"href":"https:\/\/alfard.ovh\/index.php\/wp-json\/wp\/v2\/pages\/411\/revisions\/1360"}],"wp:attachment":[{"href":"https:\/\/alfard.ovh\/index.php\/wp-json\/wp\/v2\/media?parent=411"}],"curies":[{"name":"wp","href":"https:\/\/api.w.org\/{rel}","templated":true}]}}