{"id":401,"date":"2023-08-18T00:02:27","date_gmt":"2023-08-17T22:02:27","guid":{"rendered":"https:\/\/alfard.ovh\/?page_id=401"},"modified":"2024-01-09T12:37:17","modified_gmt":"2024-01-09T11:37:17","slug":"projekty","status":"publish","type":"page","link":"https:\/\/alfard.ovh\/index.php\/projekty\/","title":{"rendered":"Projekty"},"content":{"rendered":"\n<p>Opisy projekt\u00f3w:  Geiger, barometr<\/p>\n\n\n\n<div class=\"wp-block-media-text is-stacked-on-mobile\" style=\"grid-template-columns:15% auto\"><figure class=\"wp-block-media-text__media\"><a href=\"https:\/\/alfard.ovh\/index.php\/licznik-g-m\/\"><img loading=\"lazy\" decoding=\"async\" width=\"85\" height=\"127\" src=\"http:\/\/alfard.ovh\/wp-content\/uploads\/2023\/08\/malyXR1.png\" alt=\"\" class=\"wp-image-420 size-full\"\/><\/a><\/figure><div class=\"wp-block-media-text__content\">\n<p>Modyfikacja tego licznika ma na celu umo\u017cliwienia komunikacji WiFi i wysy\u0142ania pomiar\u00f3w na serwery. <\/p>\n<\/div><\/div>\n\n\n\n<div class=\"wp-block-media-text is-stacked-on-mobile\" style=\"grid-template-columns:32% auto\"><figure class=\"wp-block-media-text__media\"><a href=\"index.php\/geiger-oled\"><img loading=\"lazy\" decoding=\"async\" width=\"1024\" height=\"449\" src=\"http:\/\/alfard.ovh\/wp-content\/uploads\/2024\/01\/Geiger32oledFoto-1024x449.jpg\" alt=\"\" class=\"wp-image-559 size-full\" srcset=\"https:\/\/alfard.ovh\/wp-content\/uploads\/2024\/01\/Geiger32oledFoto-1024x449.jpg 1024w, https:\/\/alfard.ovh\/wp-content\/uploads\/2024\/01\/Geiger32oledFoto-300x131.jpg 300w, https:\/\/alfard.ovh\/wp-content\/uploads\/2024\/01\/Geiger32oledFoto-768x337.jpg 768w, https:\/\/alfard.ovh\/wp-content\/uploads\/2024\/01\/Geiger32oledFoto.jpg 1134w\" sizes=\"auto, (max-width: 1024px) 100vw, 1024px\" \/><\/a><\/figure><div class=\"wp-block-media-text__content\">\n<p>Pierwszy ucyfrowiony licznik Geigera-Millera z uk\u0142adem ESP32+oLed<\/p>\n<\/div><\/div>\n\n\n\n<div class=\"wp-block-media-text is-stacked-on-mobile\" style=\"grid-template-columns:15% auto\"><figure class=\"wp-block-media-text__media\"><a href=\"https:\/\/alfard.ovh\/index.php\/nowa-zrobiona-przez-t1ak\/\"><img loading=\"lazy\" decoding=\"async\" width=\"1024\" height=\"587\" src=\"http:\/\/alfard.ovh\/wp-content\/uploads\/2023\/07\/obraz-1024x587.png\" alt=\"\" class=\"wp-image-264 size-full\" srcset=\"https:\/\/alfard.ovh\/wp-content\/uploads\/2023\/07\/obraz-1024x587.png 1024w, https:\/\/alfard.ovh\/wp-content\/uploads\/2023\/07\/obraz-300x172.png 300w, https:\/\/alfard.ovh\/wp-content\/uploads\/2023\/07\/obraz-768x440.png 768w, https:\/\/alfard.ovh\/wp-content\/uploads\/2023\/07\/obraz.png 1030w\" sizes=\"auto, (max-width: 1024px) 100vw, 1024px\" \/><\/a><\/figure><div class=\"wp-block-media-text__content\">\n<p>Barometry oparte o czujnik BMP180,BME280<\/p>\n<\/div><\/div>\n","protected":false},"excerpt":{"rendered":"<p>Opisy projekt\u00f3w: Geiger, barometr Modyfikacja tego licznika ma na celu umo\u017cliwienia komunikacji WiFi i wysy\u0142ania pomiar\u00f3w na serwery. Pierwszy ucyfrowiony licznik Geigera-Millera z uk\u0142adem ESP32+oLed Barometry oparte o czujnik BMP180,BME280<\/p>\n","protected":false},"author":1,"featured_media":0,"parent":0,"menu_order":0,"comment_status":"closed","ping_status":"closed","template":"","meta":{"footnotes":""},"class_list":["post-401","page","type-page","status-publish","hentry"],"_links":{"self":[{"href":"https:\/\/alfard.ovh\/index.php\/wp-json\/wp\/v2\/pages\/401","targetHints":{"allow":["GET"]}}],"collection":[{"href":"https:\/\/alfard.ovh\/index.php\/wp-json\/wp\/v2\/pages"}],"about":[{"href":"https:\/\/alfard.ovh\/index.php\/wp-json\/wp\/v2\/types\/page"}],"author":[{"embeddable":true,"href":"https:\/\/alfard.ovh\/index.php\/wp-json\/wp\/v2\/users\/1"}],"replies":[{"embeddable":true,"href":"https:\/\/alfard.ovh\/index.php\/wp-json\/wp\/v2\/comments?post=401"}],"version-history":[{"count":9,"href":"https:\/\/alfard.ovh\/index.php\/wp-json\/wp\/v2\/pages\/401\/revisions"}],"predecessor-version":[{"id":608,"href":"https:\/\/alfard.ovh\/index.php\/wp-json\/wp\/v2\/pages\/401\/revisions\/608"}],"wp:attachment":[{"href":"https:\/\/alfard.ovh\/index.php\/wp-json\/wp\/v2\/media?parent=401"}],"curies":[{"name":"wp","href":"https:\/\/api.w.org\/{rel}","templated":true}]}}