{"id":381,"date":"2023-08-17T13:09:51","date_gmt":"2023-08-17T11:09:51","guid":{"rendered":"https:\/\/alfard.ovh\/?page_id=381"},"modified":"2025-04-24T23:50:52","modified_gmt":"2025-04-24T21:50:52","slug":"alfard","status":"publish","type":"page","link":"https:\/\/alfard.ovh\/","title":{"rendered":"ALFARD"},"content":{"rendered":"\n<h2 class=\"wp-block-heading\">Wszystko ma sw\u00f3j pocz\u0105tek<\/h2>\n\n\n\n<p>By\u0142 koniec XX wieku, kiedy dost\u0119p do komputer\u00f3w mieli tylko wybra\u0144cy w pa\u0144stwowych instytutach, rodzi\u0142a si\u0119 idea wykorzystania mocy obliczeniowych komputer\u00f3w do usprawnienia procesu napromieniania pacjent\u00f3w z nowotworami.<\/p>\n\n\n\n<figure class=\"wp-block-image size-full is-style-rounded is-style-rounded--1\"><img loading=\"lazy\" decoding=\"async\" width=\"614\" height=\"461\" src=\"http:\/\/alfard.ovh\/wp-content\/uploads\/2023\/08\/IOGliwice86a.png\" alt=\"zesp\u00f3\u0142 tw\u00f3rc\u00f3w TPS Alfard\" class=\"wp-image-386\" srcset=\"https:\/\/alfard.ovh\/wp-content\/uploads\/2023\/08\/IOGliwice86a.png 614w, https:\/\/alfard.ovh\/wp-content\/uploads\/2023\/08\/IOGliwice86a-300x225.png 300w\" sizes=\"auto, (max-width: 614px) 100vw, 614px\" \/><figcaption class=\"wp-element-caption\">zesp\u00f3\u0142 tw\u00f3rc\u00f3w TPS Alfard<\/figcaption><\/figure>\n\n\n\n<p>Zak\u0142ad Fizyki Medycznej &#8211; Instytut Onkologii Gliwice rok 1985 to by\u0142y pocz\u0105tki ale na bazie jeszcze wcze\u015bniejszych do\u015bwiadcze\u0144 i algorytm\u00f3w w j\u0119zyku programowania FORTRAN opracowanych ju\u017c w 1972 na polskich komputerach ODRA1024.<\/p>\n\n\n\n<h2 class=\"wp-block-heading\">Takie by\u0142y warunki startowe<\/h2>\n\n\n\n<p>Powstanie i rozw\u00f3j oprogramowania wspomagaj\u0105cego planowanie rozk\u0142ad\u00f3w dawki w radioterapii by\u0142 mo\u017cliwy w wyniku koincydencji kilku wydarze\u0144 i og\u00f3lnie proces\u00f3w jakie nast\u0119powa\u0142y w latach 80 i 90-tych XX wieku. (Przyk\u0142adem takiego wydarzenia by\u0142a katastrofa w elektrowni atomowej w 1986 roku w Czernobylu, kiedy zapracowani fizycy po godzinach pracy stwierdzili znacz\u0105ce promieniowanie za oknem i dopiero radio Wolna Europa wyja\u015bni\u0142o przyczyn\u0119 ) Pocz\u0105tkowo kraje podleg\u0142e ZSRR mia\u0142y na\u0142o\u017cone embargo na nowe zachodnie technologie. Owe embargo sprz\u0119tu komputerowego sukcesywnie wycofywano w drugiej po\u0142owie lat osiemdziesi\u0105tych by ca\u0142kowicie go znie\u015b\u0107 w lutym 1987 roku. Zakup pierwszego PC z systemem DOS (Disk Operating System) i \u201etwardym dyskiem\u201d, maj\u0105cym niebotyczn\u0105 jak dla nas na owe czasy pami\u0119\u0107 10MB, dokonano w gliwickim oddziale, ju\u017c Centrum Onkologii, w drugiej po\u0142owie l986 roku. Egzemplarz przekazano Zak\u0142adowi Fizyki Medycznej do prac usprawniaj\u0105cych planowanie radioterapii. Podj\u0119te zadanie w Zak\u0142adzie Fizyki Medycznej dotycz\u0105ce wspomagania planowania radioterapii przy u\u017cyciu PC zosta\u0142o wprowadzone jako jeden z temat\u00f3w do wcze\u015bniej wspomnianego \u201ePlanu Rz\u0105dowego Rozwoju Bada\u0144 w Onkologii\u201d. Baza do\u015bwiadcze\u0144 ju\u017c by\u0142a bo wykorzystano opracowane wcze\u015bniej \u2013 bo ju\u017c pod koniec lat 60-tych \u2013&nbsp; algorytmy planowania radioterapii z pomoc\u0105 komputera ODRA-1024.&nbsp; Nie by\u0142o to \u0142atwe ale si\u0119 uda\u0142o dzi\u0119ki wsp\u00f3\u0142pracy z zawodowym matematykiem i programist\u0105 Jerzym Szenderem, kt\u00f3ry dysponowa\u0142 w\u0142asnym dorobkiem programistycznym w postaci bibliotek do oblicze\u0144 geometrycznych. Na co dzie\u0144 oblicza\u0142 tymi algorytmami wie\u017cyczki czo\u0142g\u00f3w produkowanych w pobliskim BUMAR. W efekcie powsta\u0142 w naszym gliwickim Zak\u0142adzie Fizyki Medycznej system planowania radioterapii TPS (w j\u0119zyku angielskim Treatment Planning System) pod nazw\u0105 ALFARD. Jak ju\u017c wspomniano system powsta\u0142 na bazie jeszcze wcze\u015bniejszych do\u015bwiadcze\u0144 i algorytm\u00f3w w j\u0119zyku programowania FORTRAN na polskich komputerach ODRA1024. Komputerowy system Alfard sukcesywnie rozwijany skomputeryzowa\u0142 w ostatniej dekadzie XX wieku planowanie radioterapii w regionalnych O\u015brodkach Onkologicznych w Polsce powsta\u0142ych w nast\u0119pstwie wspomnianego ju\u017c realizowanego Rz\u0105dowego Planu Rozwoju Bada\u0144 Onkologii.<\/p>\n\n\n\n<h2 class=\"wp-block-heading\" id=\"schematAlfarda\">og\u00f3lny schemat blokowy alfarda<\/h2>\n\n\n\n<figure class=\"wp-block-image size-large\"><img loading=\"lazy\" decoding=\"async\" width=\"1024\" height=\"591\" src=\"https:\/\/alfard.ovh\/wp-content\/uploads\/2025\/04\/obraz-10-1024x591.png\" alt=\"\" class=\"wp-image-1247\" srcset=\"https:\/\/alfard.ovh\/wp-content\/uploads\/2025\/04\/obraz-10-1024x591.png 1024w, https:\/\/alfard.ovh\/wp-content\/uploads\/2025\/04\/obraz-10-300x173.png 300w, https:\/\/alfard.ovh\/wp-content\/uploads\/2025\/04\/obraz-10-768x443.png 768w, https:\/\/alfard.ovh\/wp-content\/uploads\/2025\/04\/obraz-10.png 1150w\" sizes=\"auto, (max-width: 1024px) 100vw, 1024px\" \/><\/figure>\n\n\n\n<div class=\"wp-block-file\"><a id=\"wp-block-file--media-566f67af-59f7-4634-a30d-978aa023d2af\" href=\"https:\/\/alfard.ovh\/wp-content\/uploads\/2025\/04\/Moduly-systemu-ALFARD-1.pptx\">Modu\u0142y systemu ALFARD<\/a><a href=\"https:\/\/alfard.ovh\/wp-content\/uploads\/2025\/04\/Moduly-systemu-ALFARD-1.pptx\" class=\"wp-block-file__button wp-element-button\" download aria-describedby=\"wp-block-file--media-566f67af-59f7-4634-a30d-978aa023d2af\">Pobierz<\/a><\/div>\n\n\n\n<div class=\"wp-block-media-text has-media-on-the-right is-stacked-on-mobile\" style=\"grid-template-columns:auto 42%\"><div class=\"wp-block-media-text__content\">\n<p>TPS to skr\u00f3t od: Treatment Planning Systems. Obecnie to obowi\u0105zkowe wyposa\u017cenie plac\u00f3wek z radioterapi\u0105. <\/p>\n<\/div><figure class=\"wp-block-media-text__media\"><img loading=\"lazy\" decoding=\"async\" width=\"281\" height=\"200\" src=\"http:\/\/alfard.ovh\/wp-content\/uploads\/2023\/08\/TPSszkic.png\" alt=\"\" class=\"wp-image-486 size-full\"\/><\/figure><\/div>\n\n\n\n<hr class=\"wp-block-separator has-alpha-channel-opacity\"\/>\n\n\n\n<figure class=\"wp-block-image size-full\"><a href=\"https:\/\/alfard.ovh\/wp-content\/uploads\/2025\/04\/ArtykulKomputer.jpg\"><img loading=\"lazy\" decoding=\"async\" width=\"1788\" height=\"2534\" src=\"https:\/\/alfard.ovh\/wp-content\/uploads\/2025\/04\/ArtykulKomputer.jpg\" alt=\"\" class=\"wp-image-1265\" srcset=\"https:\/\/alfard.ovh\/wp-content\/uploads\/2025\/04\/ArtykulKomputer.jpg 1788w, https:\/\/alfard.ovh\/wp-content\/uploads\/2025\/04\/ArtykulKomputer-212x300.jpg 212w, https:\/\/alfard.ovh\/wp-content\/uploads\/2025\/04\/ArtykulKomputer-723x1024.jpg 723w, https:\/\/alfard.ovh\/wp-content\/uploads\/2025\/04\/ArtykulKomputer-768x1088.jpg 768w, https:\/\/alfard.ovh\/wp-content\/uploads\/2025\/04\/ArtykulKomputer-1084x1536.jpg 1084w, https:\/\/alfard.ovh\/wp-content\/uploads\/2025\/04\/ArtykulKomputer-1445x2048.jpg 1445w\" sizes=\"auto, (max-width: 1788px) 100vw, 1788px\" \/><\/a><\/figure>\n\n\n\n<figure class=\"wp-block-image size-full\"><a href=\"https:\/\/alfard.ovh\/wp-content\/uploads\/2025\/04\/ArtykulKomputer2.jpg\"><img loading=\"lazy\" decoding=\"async\" width=\"919\" height=\"2545\" src=\"https:\/\/alfard.ovh\/wp-content\/uploads\/2025\/04\/ArtykulKomputer2.jpg\" alt=\"\" class=\"wp-image-1262\" srcset=\"https:\/\/alfard.ovh\/wp-content\/uploads\/2025\/04\/ArtykulKomputer2.jpg 919w, https:\/\/alfard.ovh\/wp-content\/uploads\/2025\/04\/ArtykulKomputer2-108x300.jpg 108w, https:\/\/alfard.ovh\/wp-content\/uploads\/2025\/04\/ArtykulKomputer2-370x1024.jpg 370w, https:\/\/alfard.ovh\/wp-content\/uploads\/2025\/04\/ArtykulKomputer2-768x2127.jpg 768w, https:\/\/alfard.ovh\/wp-content\/uploads\/2025\/04\/ArtykulKomputer2-555x1536.jpg 555w, https:\/\/alfard.ovh\/wp-content\/uploads\/2025\/04\/ArtykulKomputer2-740x2048.jpg 740w\" sizes=\"auto, (max-width: 919px) 100vw, 919px\" \/><\/a><\/figure>\n\n\n\n<figure class=\"wp-block-image size-large is-resized\"><img loading=\"lazy\" decoding=\"async\" width=\"1024\" height=\"328\" src=\"http:\/\/alfard.ovh\/wp-content\/uploads\/2023\/08\/Alfard1988-3-1024x328.jpg\" alt=\"\" class=\"wp-image-375\" style=\"width:610px;height:195px\" srcset=\"https:\/\/alfard.ovh\/wp-content\/uploads\/2023\/08\/Alfard1988-3-1024x328.jpg 1024w, https:\/\/alfard.ovh\/wp-content\/uploads\/2023\/08\/Alfard1988-3-300x96.jpg 300w, https:\/\/alfard.ovh\/wp-content\/uploads\/2023\/08\/Alfard1988-3-768x246.jpg 768w, https:\/\/alfard.ovh\/wp-content\/uploads\/2023\/08\/Alfard1988-3-1200x384.jpg 1200w, https:\/\/alfard.ovh\/wp-content\/uploads\/2023\/08\/Alfard1988-3.jpg 1211w\" sizes=\"auto, (max-width: 1024px) 100vw, 1024px\" \/><figcaption class=\"wp-element-caption\">Artyku\u0142 zosta\u0142 opublikowany w czasopi\u015bmie <a href=\"https:\/\/pl.wikipedia.org\/wiki\/Komputer_(czasopismo)\" target=\"_blank\" rel=\"noreferrer noopener\">Komputer<\/a>, w siermi\u0119\u017cnych czasach szalej\u0105cej inflacji co wida\u0107 w cenie, kt\u00f3ra wzrasta\u0142a z 3 do 4 tys. starych z\u0142otych w ci\u0105gu jednego cyklu wydawniczego czyli mniej ni\u017c dw\u00f3ch miesi\u0119cy.<\/figcaption><\/figure>\n\n\n\n<p>Opisy i informacje techniczne s\u0105 obecnie pod adresem: <a href=\"https:\/\/alfard.5v.pl\/\">ALFARD T1ak 2019 (5v.pl)<\/a> &#8211; niestety 5v.pl to hosting free zasypany reklamami ale powoli przenios\u0119 wszystko tu na serwery <strong>ovh<\/strong><\/p>\n\n\n\n<p><\/p>\n\n\n\n<p><\/p>\n","protected":false},"excerpt":{"rendered":"<p>Wszystko ma sw\u00f3j pocz\u0105tek By\u0142 koniec XX wieku, kiedy dost\u0119p do komputer\u00f3w mieli tylko wybra\u0144cy w pa\u0144stwowych instytutach, rodzi\u0142a si\u0119 idea wykorzystania mocy obliczeniowych komputer\u00f3w do usprawnienia procesu napromieniania pacjent\u00f3w z nowotworami. Zak\u0142ad Fizyki Medycznej &#8211; Instytut Onkologii Gliwice rok 1985 to by\u0142y pocz\u0105tki ale na bazie jeszcze wcze\u015bniejszych do\u015bwiadcze\u0144 i algorytm\u00f3w w j\u0119zyku programowania [&hellip;]<\/p>\n","protected":false},"author":1,"featured_media":0,"parent":0,"menu_order":0,"comment_status":"closed","ping_status":"closed","template":"","meta":{"footnotes":""},"class_list":["post-381","page","type-page","status-publish","hentry"],"_links":{"self":[{"href":"https:\/\/alfard.ovh\/index.php\/wp-json\/wp\/v2\/pages\/381","targetHints":{"allow":["GET"]}}],"collection":[{"href":"https:\/\/alfard.ovh\/index.php\/wp-json\/wp\/v2\/pages"}],"about":[{"href":"https:\/\/alfard.ovh\/index.php\/wp-json\/wp\/v2\/types\/page"}],"author":[{"embeddable":true,"href":"https:\/\/alfard.ovh\/index.php\/wp-json\/wp\/v2\/users\/1"}],"replies":[{"embeddable":true,"href":"https:\/\/alfard.ovh\/index.php\/wp-json\/wp\/v2\/comments?post=381"}],"version-history":[{"count":34,"href":"https:\/\/alfard.ovh\/index.php\/wp-json\/wp\/v2\/pages\/381\/revisions"}],"predecessor-version":[{"id":1266,"href":"https:\/\/alfard.ovh\/index.php\/wp-json\/wp\/v2\/pages\/381\/revisions\/1266"}],"wp:attachment":[{"href":"https:\/\/alfard.ovh\/index.php\/wp-json\/wp\/v2\/media?parent=381"}],"curies":[{"name":"wp","href":"https:\/\/api.w.org\/{rel}","templated":true}]}}