{"id":3,"date":"2023-05-02T14:38:14","date_gmt":"2023-05-02T12:38:14","guid":{"rendered":"http:\/\/alfard.ovh\/?page_id=3"},"modified":"2023-05-05T10:06:28","modified_gmt":"2023-05-05T08:06:28","slug":"politique-de-confidentialite","status":"publish","type":"page","link":"https:\/\/alfard.ovh\/index.php\/politique-de-confidentialite\/","title":{"rendered":"o prywatno\u015bci"},"content":{"rendered":"\n<p>strona: alfard.ovh. nie stosuje ciasteczek i nie gromadzi danych o ogl\u0105daj\u0105cych i czytaj\u0105cych<\/p>\n\n\n\n<figure class=\"wp-block-image size-large is-resized\"><img loading=\"lazy\" decoding=\"async\" src=\"http:\/\/alfard.ovh\/wp-content\/uploads\/2023\/05\/bence-boros-354460-unsplash-1024x683.jpg\" alt=\"\" class=\"wp-image-137\" width=\"313\" height=\"209\" srcset=\"https:\/\/alfard.ovh\/wp-content\/uploads\/2023\/05\/bence-boros-354460-unsplash-1024x683.jpg 1024w, https:\/\/alfard.ovh\/wp-content\/uploads\/2023\/05\/bence-boros-354460-unsplash-300x200.jpg 300w, https:\/\/alfard.ovh\/wp-content\/uploads\/2023\/05\/bence-boros-354460-unsplash-768x512.jpg 768w, https:\/\/alfard.ovh\/wp-content\/uploads\/2023\/05\/bence-boros-354460-unsplash.jpg 1200w\" sizes=\"auto, (max-width: 313px) 100vw, 313px\" \/><\/figure>\n","protected":false},"excerpt":{"rendered":"<p>strona: alfard.ovh. nie stosuje ciasteczek i nie gromadzi danych o ogl\u0105daj\u0105cych i czytaj\u0105cych<\/p>\n","protected":false},"author":1,"featured_media":0,"parent":0,"menu_order":0,"comment_status":"closed","ping_status":"open","template":"","meta":{"footnotes":""},"class_list":["post-3","page","type-page","status-publish","hentry"],"_links":{"self":[{"href":"https:\/\/alfard.ovh\/index.php\/wp-json\/wp\/v2\/pages\/3","targetHints":{"allow":["GET"]}}],"collection":[{"href":"https:\/\/alfard.ovh\/index.php\/wp-json\/wp\/v2\/pages"}],"about":[{"href":"https:\/\/alfard.ovh\/index.php\/wp-json\/wp\/v2\/types\/page"}],"author":[{"embeddable":true,"href":"https:\/\/alfard.ovh\/index.php\/wp-json\/wp\/v2\/users\/1"}],"replies":[{"embeddable":true,"href":"https:\/\/alfard.ovh\/index.php\/wp-json\/wp\/v2\/comments?post=3"}],"version-history":[{"count":15,"href":"https:\/\/alfard.ovh\/index.php\/wp-json\/wp\/v2\/pages\/3\/revisions"}],"predecessor-version":[{"id":174,"href":"https:\/\/alfard.ovh\/index.php\/wp-json\/wp\/v2\/pages\/3\/revisions\/174"}],"wp:attachment":[{"href":"https:\/\/alfard.ovh\/index.php\/wp-json\/wp\/v2\/media?parent=3"}],"curies":[{"name":"wp","href":"https:\/\/api.w.org\/{rel}","templated":true}]}}