{"id":210,"date":"2023-07-06T18:32:54","date_gmt":"2023-07-06T16:32:54","guid":{"rendered":"https:\/\/alfard.ovh\/?page_id=210"},"modified":"2023-08-18T23:57:22","modified_gmt":"2023-08-18T21:57:22","slug":"nowa-zrobiona-przez-t1ak","status":"publish","type":"page","link":"https:\/\/alfard.ovh\/index.php\/nowa-zrobiona-przez-t1ak\/","title":{"rendered":"Barometr ( T1ak )"},"content":{"rendered":"\n<p>Analogowy lub cyfrowy<\/p>\n\n\n\n<pre class=\"wp-block-preformatted\">Sko\u0144czy\u0142a si\u0119 era analogowych pi\u0119knych konstrukcji barometr\u00f3w, kt\u00f3re by\u0142y drogie w wykonaniu i podatne na uszkodzenia.<\/pre>\n\n\n\n<figure class=\"wp-block-image size-large is-style-rounded is-style-rounded--1\"><img loading=\"lazy\" decoding=\"async\" width=\"1024\" height=\"587\" src=\"https:\/\/alfard.ovh\/wp-content\/uploads\/2023\/07\/obraz-1024x587.png\" alt=\"\" class=\"wp-image-264\" srcset=\"https:\/\/alfard.ovh\/wp-content\/uploads\/2023\/07\/obraz-1024x587.png 1024w, https:\/\/alfard.ovh\/wp-content\/uploads\/2023\/07\/obraz-300x172.png 300w, https:\/\/alfard.ovh\/wp-content\/uploads\/2023\/07\/obraz-768x440.png 768w, https:\/\/alfard.ovh\/wp-content\/uploads\/2023\/07\/obraz.png 1030w\" sizes=\"auto, (max-width: 1024px) 100vw, 1024px\" \/><\/figure>\n\n\n\n<pre class=\"wp-block-preformatted\">Pomiar ci\u015bnienia atmosferycznego z du\u017c\u0105 dok\u0142adno\u015bci\u0105 sta\u0142 si\u0119 mo\u017cliwy dzi\u0119ki cyfrowym czujnikom BME280, kt\u00f3re s\u0105 jeszcze lepsze ni\u017c ich poprzednik BMP180.\n\n\nCyfrowy barometr to oprogramowania, kt\u00f3re zajmuje si\u0119 komunikacj\u0105 z czujnikiem i wy\u015bwietlaczem.\n\n<strong>Precyzyjne barometry cyfrowe<\/strong>\n\nOpis dotyczy konstrukcji opartych o mikrokomputery z rodziny Arduino, kt\u00f3re odpowiednio zaprogramowane odczytuj\u0105 pomiary ci\u015bnienia z czujnika BME280 i przedstawiaj\u0105 wynik na wy\u015bwietlaczu.\n\n    dok\u0142adno\u015b\u0107 0.1 hPa (100Pa)\n    rozdzielczo\u015b\u0107 0.01 hPa (1Pa)\n    zasilanie 5V wtyk USB\n\nBarometr funkcjonuje w oparciu o oprogramowanie wewn\u0119trzne jakie wykonuje mikrokontroler arduino. Stworzy\u0142em r\u00f3wnie\u017c oprogramowania zewn\u0119trzne. Dla lokalnego zastosowania polecam program na platform\u0119 Windows a dla prezentacji w internecie przygotowa\u0142em konfiguracj\u0119 serwera z baz\u0105 danych i prezentacj\u0105 pomiar\u00f3w aktualnych i historycznych na wykresach.<\/pre>\n\n\n\n<h2 class=\"wp-block-heading\">ma\u0142y z oled<\/h2>\n\n\n\n<div class=\"wp-block-media-text is-stacked-on-mobile\" style=\"grid-template-columns:21% auto\"><figure class=\"wp-block-media-text__media\"><img loading=\"lazy\" decoding=\"async\" width=\"422\" height=\"280\" src=\"http:\/\/alfard.ovh\/wp-content\/uploads\/2023\/08\/malyOled.png\" alt=\"\" class=\"wp-image-431 size-full\" srcset=\"https:\/\/alfard.ovh\/wp-content\/uploads\/2023\/08\/malyOled.png 422w, https:\/\/alfard.ovh\/wp-content\/uploads\/2023\/08\/malyOled-300x199.png 300w\" sizes=\"auto, (max-width: 422px) 100vw, 422px\" \/><\/figure><div class=\"wp-block-media-text__content\">\n<p>Ma\u0142a konstrukcja i ma\u0142y ale tre\u015bciwy wy\u015bwietlacz. Ekranik OLED sam \u015bwieci i nie wymaga pod\u015bwietlenia ani o\u015bwietlenia zewn\u0119trznego. Na tym wy\u015bwietlaczu opr\u00f3cz ci\u015bnienia bezwzgl\u0119dnego zmie\u015bci\u0142 si\u0119 wydruk ci\u015bnienia na poziomie morza oraz temperatura i wilgotno\u015b\u0107.<\/p>\n<\/div><\/div>\n\n\n\n<p>Ten przyrz\u0105d nie posiada klawiszy, przycisk\u00f3w i nie wydaje d\u017awi\u0119k\u00f3w. Wystarczy kabelek USB pod\u0142\u0105czy\u0107 do gniazda USB typowego zasilacza lub komputera. Domy\u015blnie pomiary s\u0105 wykonywane co 1 sekund\u0119 a wy\u015bwietlana \u015brednia z 5 pomiar\u00f3w.<\/p>\n\n\n\n<p>Co 5 sekund ekranik wy\u015bwietla bezwzgl\u0119dne warto\u015bci ci\u015bnienia atmosferycznego w hPa, ci\u015bnienie na poziomie morza (p.m.) oraz temperatur\u0119 i wilgotno\u015b\u0107. W celu poprawnego obliczenia ci\u015bnienia na poziomie morza konieczne jest wprowadzenie wysoko\u015bci nad poziomem morza, na kt\u00f3rej aktualnie znajduje si\u0119 barometr. To umo\u017cliwia oprogramowanie zewn\u0119trzne.<\/p>\n\n\n\n<ul class=\"wp-block-list\">\n<li>dok\u0142adno\u015b\u0107 0.1 hPa (100Pa)<\/li>\n\n\n\n<li>rozdzielczo\u015b\u0107 0.01 hPa (1Pa)<\/li>\n\n\n\n<li>zasilanie 5V gniazdo USB mini ( potrzebny kabelek )<\/li>\n\n\n\n<li>wymiary: 70x35x38 mm<\/li>\n\n\n\n<li>wy\u015bwietlacz OLED 24&#215;18 mm<\/li>\n<\/ul>\n\n\n\n<p>dost\u0119pne jest dodatkowe oprogramowanie, kt\u00f3re stanowi uzupe\u0142nienie funkcji barometru o graficzn\u0105 prezentacj\u0119 zmian w czasie i tworzenie trwa\u0142ych kopii na dysku i serwerze internetowym. Umo\u017cliwia r\u00f3wnie\u017c konfigurowanie oprogramowania wewn\u0119trznego barometru np.: wprowadzanie wysoko\u015bci n.p.m w celu prawid\u0142owego przeliczania ci\u015bnienia do poziomu morza.<\/p>\n\n\n\n<div class=\"wp-block-media-text is-stacked-on-mobile\" style=\"grid-template-columns:32% auto\"><figure class=\"wp-block-media-text__media\"><a href=\"https:\/\/alfard.ovh\/wp-content\/uploads\/2023\/08\/BarometrArdu.png\"><img loading=\"lazy\" decoding=\"async\" width=\"795\" height=\"703\" src=\"http:\/\/alfard.ovh\/wp-content\/uploads\/2023\/08\/BarometrArdu.png\" alt=\"\" class=\"wp-image-479 size-full\" srcset=\"https:\/\/alfard.ovh\/wp-content\/uploads\/2023\/08\/BarometrArdu.png 795w, https:\/\/alfard.ovh\/wp-content\/uploads\/2023\/08\/BarometrArdu-300x265.png 300w, https:\/\/alfard.ovh\/wp-content\/uploads\/2023\/08\/BarometrArdu-768x679.png 768w\" sizes=\"auto, (max-width: 795px) 100vw, 795px\" \/><\/a><\/figure><div class=\"wp-block-media-text__content\">\n<p>Nie ma ju\u017c spr\u0119\u017cyn wskaz\u00f3we tuszu w pisakach o dziwnych konstrukcjach. Teraz mierz\u0105 czujniki a typowe pod\u0142\u0105czenie czujnika ci\u015bnienie BME280 do Arduino i pod\u0142\u0105czenie ekranu OLED przedstawia poni\u017cszy schemat<\/p>\n<\/div><\/div>\n\n\n\n<h2 class=\"wp-block-heading\">Wersja LED<\/h2>\n\n\n\n<div class=\"wp-block-media-text is-stacked-on-mobile\" style=\"grid-template-columns:38% auto\"><figure class=\"wp-block-media-text__media\"><img loading=\"lazy\" decoding=\"async\" width=\"327\" height=\"202\" src=\"http:\/\/alfard.ovh\/wp-content\/uploads\/2023\/08\/barometrDuzy.png\" alt=\"\" class=\"wp-image-434 size-full\" srcset=\"https:\/\/alfard.ovh\/wp-content\/uploads\/2023\/08\/barometrDuzy.png 327w, https:\/\/alfard.ovh\/wp-content\/uploads\/2023\/08\/barometrDuzy-300x185.png 300w\" sizes=\"auto, (max-width: 327px) 100vw, 327px\" \/><\/figure><div class=\"wp-block-media-text__content\">\n<p>Du\u017ca konstrukcja i du\u017cy wy\u015bwietlacz zapewniaj\u0105, \u017ce odczyt ci\u015bnienia atmosferycznego z du\u017c\u0105 dok\u0142adno\u015bci\u0105 jest wygodny i szybki.<\/p>\n<\/div><\/div>\n\n\n\n<p>Ten przyrz\u0105d nie posiada klawiszy i nie wydaje d\u017awi\u0119k\u00f3w. Wystarczy kabelek zako\u0144czony wtyczk\u0105 USB pod\u0142\u0105czy\u0107 do gniazda USB typowego zasilacza lub komputera. Po kilku sekundach pojawi si\u0119 wersja i rok produkcji a za kolejne 5 sekund (i co 5 sekund ) nowy odczyt ci\u015bnienia, \u015bredni z ostatnich pi\u0119ciu pomiar\u00f3w wykonywanych co sekund\u0119.<\/p>\n\n\n\n<p>Co 5 sekund sze\u015bciosegmentowy wy\u015bwietlacz podaje bezwzgl\u0119dne warto\u015bci ci\u015bnienia atmosferycznego w hPa.<\/p>\n\n\n\n<ul class=\"wp-block-list\">\n<li>dok\u0142adno\u015b\u0107 0.1 hPa (100Pa)<\/li>\n\n\n\n<li>rozdzielczo\u015b\u0107 0.01 hPa (1Pa)<\/li>\n\n\n\n<li>zasilanie 5V wtyk USB (jest kabelek)<\/li>\n\n\n\n<li>wymiary: 120x70x35 mm<\/li>\n\n\n\n<li>wy\u015bwietlacz: 80&#215;20 mm<\/li>\n<\/ul>\n\n\n\n<p>dost\u0119pne jest dodatkowe oprogramowanie kt\u00f3re stanowi uzupe\u0142nienie funkcji barometru o graficzn\u0105 prezentacj\u0119 zmian w czasie i tworzenie trwa\u0142ych kopii na dysku i serwerze internetowym.<\/p>\n\n\n\n<h2 class=\"wp-block-heading\">Oprogramowanie<\/h2>\n\n\n\n<div class=\"wp-block-media-text is-stacked-on-mobile\" style=\"grid-template-columns:32% auto\"><figure class=\"wp-block-media-text__media\"><a href=\"https:\/\/alfard.ovh\/wp-content\/uploads\/2023\/08\/barometrProgram.png\"><img loading=\"lazy\" decoding=\"async\" width=\"389\" height=\"343\" src=\"http:\/\/alfard.ovh\/wp-content\/uploads\/2023\/08\/barometrProgram.png\" alt=\"\" class=\"wp-image-437 size-full\" srcset=\"https:\/\/alfard.ovh\/wp-content\/uploads\/2023\/08\/barometrProgram.png 389w, https:\/\/alfard.ovh\/wp-content\/uploads\/2023\/08\/barometrProgram-300x265.png 300w\" sizes=\"auto, (max-width: 389px) 100vw, 389px\" \/><\/a><\/figure><div class=\"wp-block-media-text__content\">\n<p>Pomiar to liczby, kt\u00f3re s\u0105 ulotne tym bardziej, \u017ce odczyty ci\u015bnienia atmosferycznego z precyzyjnego czujnika BME280 sk\u0142adaj\u0105 si\u0119 z wielu cyfr znacz\u0105cych. W celu prezentacji zmian ci\u015bnienia powsta\u0142 program, kt\u00f3rego funkcje nie ko\u0144cz\u0105 si\u0119 na rysowaniu wykresu. Program jest bardziej uniwersalny i wspomaga u\u017cytkownika wieloma funkcjami.<\/p>\n<\/div><\/div>\n\n\n\n<p>Funkcje te nale\u017cy podzieli\u0107 na cztery grupy:<\/p>\n\n\n\n<ul class=\"wp-block-list\">\n<li>zwi\u0105zane z odczytem danych z barometu przez kabelek USB<\/li>\n\n\n\n<li>wysy\u0142aniem polece\u0144 do barometru, kt\u00f3ry jest urz\u0105dzeniem aktywnym posiadaj\u0105cym w\u0142asne oprogramowanie, kt\u00f3re mo\u017cna konfigurowa\u0107<\/li>\n\n\n\n<li>wykonywanie kopii lokalnych na dysku komputera lub dysku sieciowym<\/li>\n\n\n\n<li>wysy\u0142anie pomiar\u00f3w na serwer sieciowy, kt\u00f3ry zapisuje je w bazie SQL i prezentuje przez stron\u0119 WWW<\/li>\n<\/ul>\n\n\n\n<h2 class=\"wp-block-heading\">Program obs\u0142ugi barometru<\/h2>\n\n\n\n<p>Opis dotyczy wersji 32 bity dla Windows. Program odbiera pomiary z barometru prezentuje graficznie i archiwizuje.<\/p>\n\n\n\n<ul class=\"wp-block-list\">\n<li>wymaga po\u0142\u0105czenia barometru z komputerem za pomoc\u0105 z\u0142\u0105cza USB, kt\u00f3re jednocze\u015bnie zasila barometr<\/li>\n\n\n\n<li>wymaga komputera z Windows 7,10,11<\/li>\n\n\n\n<li>wysy\u0142anie danych na stron\u0119 WWW wymaga dzia\u0142aj\u0105cych tam serwis\u00f3w SQL i PHP<\/li>\n<\/ul>\n\n\n\n<p>Program zapewnia r\u00f3wnie\u017c komunikacj\u0119 do barometru. To umo\u017cliwia konfigurowanie barometru np ustalanie co ile sekund ma wykona\u0107 pomiar i z ilu pomiar\u00f3w oblicza\u0107 \u015bredni\u0105. Plik programu mo\u017cna pobra\u0107 tu:<\/p>\n\n\n\n<ul class=\"wp-block-list\">\n<li><a href=\"https:\/\/alfard.ovh\/wp-content\/uploads\/plikit1ak\/mTermo433v136a.rar\">plik programu wersja 1.36 2023-07<\/a><\/li>\n<\/ul>\n\n\n\n<ul class=\"wp-block-list\">\n<li>plik programu wersja &#8230;<\/li>\n<\/ul>\n","protected":false},"excerpt":{"rendered":"<p>Analogowy lub cyfrowy Sko\u0144czy\u0142a si\u0119 era analogowych pi\u0119knych konstrukcji barometr\u00f3w, kt\u00f3re by\u0142y drogie w wykonaniu i podatne na uszkodzenia. Pomiar ci\u015bnienia atmosferycznego z du\u017c\u0105 dok\u0142adno\u015bci\u0105 sta\u0142 si\u0119 mo\u017cliwy dzi\u0119ki cyfrowym czujnikom BME280, kt\u00f3re s\u0105 jeszcze lepsze ni\u017c ich poprzednik BMP180. Cyfrowy barometr to oprogramowania, kt\u00f3re zajmuje si\u0119 komunikacj\u0105 z czujnikiem i wy\u015bwietlaczem. Precyzyjne barometry cyfrowe [&hellip;]<\/p>\n","protected":false},"author":1,"featured_media":0,"parent":0,"menu_order":0,"comment_status":"closed","ping_status":"closed","template":"","meta":{"footnotes":""},"class_list":["post-210","page","type-page","status-publish","hentry"],"_links":{"self":[{"href":"https:\/\/alfard.ovh\/index.php\/wp-json\/wp\/v2\/pages\/210","targetHints":{"allow":["GET"]}}],"collection":[{"href":"https:\/\/alfard.ovh\/index.php\/wp-json\/wp\/v2\/pages"}],"about":[{"href":"https:\/\/alfard.ovh\/index.php\/wp-json\/wp\/v2\/types\/page"}],"author":[{"embeddable":true,"href":"https:\/\/alfard.ovh\/index.php\/wp-json\/wp\/v2\/users\/1"}],"replies":[{"embeddable":true,"href":"https:\/\/alfard.ovh\/index.php\/wp-json\/wp\/v2\/comments?post=210"}],"version-history":[{"count":20,"href":"https:\/\/alfard.ovh\/index.php\/wp-json\/wp\/v2\/pages\/210\/revisions"}],"predecessor-version":[{"id":482,"href":"https:\/\/alfard.ovh\/index.php\/wp-json\/wp\/v2\/pages\/210\/revisions\/482"}],"wp:attachment":[{"href":"https:\/\/alfard.ovh\/index.php\/wp-json\/wp\/v2\/media?parent=210"}],"curies":[{"name":"wp","href":"https:\/\/api.w.org\/{rel}","templated":true}]}}