{"id":1316,"date":"2025-09-14T23:18:17","date_gmt":"2025-09-14T21:18:17","guid":{"rendered":"https:\/\/alfard.ovh\/?page_id=1316"},"modified":"2026-04-03T23:54:14","modified_gmt":"2026-04-03T21:54:14","slug":"histogramy-zliczen-geigera","status":"publish","type":"page","link":"https:\/\/alfard.ovh\/index.php\/histogramy-zliczen-geigera\/","title":{"rendered":"Histogramy zlicze\u0144 Geigera"},"content":{"rendered":"\n<div class=\"wp-block-group alignfull has-accent-background-color has-background has-global-padding is-content-justification-center is-layout-constrained wp-container-core-group-is-layout-07713731 wp-block-group-is-layout-constrained\" style=\"margin-top:0;margin-bottom:0;padding-top:var(--wp--preset--spacing--50);padding-right:var(--wp--preset--spacing--50);padding-bottom:var(--wp--preset--spacing--50);padding-left:var(--wp--preset--spacing--50)\">\n<div class=\"wp-block-columns alignwide is-layout-flex wp-container-core-columns-is-layout-1da03c2a wp-block-columns-is-layout-flex\">\n<div class=\"wp-block-column is-vertically-aligned-stretch is-layout-flow wp-block-column-is-layout-flow\" style=\"flex-basis:50%\">\n<div class=\"wp-block-group is-vertical is-content-justification-stretch is-layout-flex wp-container-core-group-is-layout-444d5ee8 wp-block-group-is-layout-flex\" style=\"min-height:100%\">\n<p class=\"has-heading-font-family has-x-large-font-size\" style=\"line-height:1.2\">Przedstawiane wykresy s\u0105 na bazie w\u0142asnych autentycznych pomiar\u00f3w w okresie ostatnich kilku lat. <\/p>\n\n\n\n<div class=\"wp-block-group has-global-padding is-content-justification-left is-layout-constrained wp-container-core-group-is-layout-19fd4160 wp-block-group-is-layout-constrained\">\n<p class=\"wp-container-content-0733e5d0\">Wykresy przedstawiaj\u0105 histogramy zlicze\u0144 na minut\u0119 dla r\u00f3\u017cnych licznik\u00f3w Geigera. Dla przyk\u0142adu histogram po prawej pokazuje, \u017ce 20 zlicze\u0144 na minut\u0119 wyst\u0105pi\u0142o ponad 15 tys. razy w ci\u0105gu badanego okresu. Miejsca pomiarowe s\u0105 umieszczone na G\u00f3rnym \u015al\u0105sku i Opolszczy\u017anie. Bazuj\u0105 na nowoczesnych konstrukcjach z oprogramowaniem, kt\u00f3re ka\u017cdy pomiar natychmiast wysy\u0142a do nieulotnej bazy danych.<\/p>\n<\/div>\n<\/div>\n<\/div>\n\n\n\n<div class=\"wp-block-column is-vertically-aligned-center is-layout-flow wp-block-column-is-layout-flow\" style=\"flex-basis:50%\">\n<figure class=\"wp-block-image size-full is-style-rounded is-style-rounded--1\"><img loading=\"lazy\" decoding=\"async\" width=\"730\" height=\"298\" src=\"https:\/\/alfard.ovh\/wp-content\/uploads\/2025\/09\/Geiger8p21.jpg\" alt=\"\" class=\"wp-image-1317\" srcset=\"https:\/\/alfard.ovh\/wp-content\/uploads\/2025\/09\/Geiger8p21.jpg 730w, https:\/\/alfard.ovh\/wp-content\/uploads\/2025\/09\/Geiger8p21-300x122.jpg 300w\" sizes=\"auto, (max-width: 730px) 100vw, 730px\" \/><\/figure>\n<\/div>\n<\/div>\n<\/div>\n\n\n\n<div class=\"wp-block-group alignfull has-accent-5-background-color has-background has-global-padding is-layout-constrained wp-container-core-group-is-layout-d89aad35 wp-block-group-is-layout-constrained\" style=\"margin-top:0;margin-bottom:0;padding-top:var(--wp--preset--spacing--50);padding-right:var(--wp--preset--spacing--50);padding-bottom:var(--wp--preset--spacing--50);padding-left:var(--wp--preset--spacing--50)\">\n<div class=\"wp-block-columns alignwide is-layout-flex wp-container-core-columns-is-layout-1da03c2a wp-block-columns-is-layout-flex\">\n<div class=\"wp-block-column is-vertically-aligned-center is-layout-flow wp-block-column-is-layout-flow\" style=\"flex-basis:60%\">\n<figure class=\"wp-block-image size-full is-resized is-style-rounded wp-duotone-duotone-1 is-style-rounded--2\"><img loading=\"lazy\" decoding=\"async\" width=\"650\" height=\"264\" src=\"https:\/\/alfard.ovh\/wp-content\/uploads\/2025\/09\/GeigerWitek.jpg\" alt=\"\" class=\"wp-image-1318\" style=\"width:706px;height:auto\" srcset=\"https:\/\/alfard.ovh\/wp-content\/uploads\/2025\/09\/GeigerWitek.jpg 650w, https:\/\/alfard.ovh\/wp-content\/uploads\/2025\/09\/GeigerWitek-300x122.jpg 300w\" sizes=\"auto, (max-width: 650px) 100vw, 650px\" \/><\/figure>\n<\/div>\n\n\n\n<div class=\"wp-block-column is-layout-flow wp-block-column-is-layout-flow\" style=\"flex-basis:40%\">\n<h2 class=\"wp-block-heading\">Niezawodnie dzia\u0142aj\u0105cy licznik w Opolu &#8211; Czarnow\u0105sach<\/h2>\n\n\n\n<p>To ma\u0142e urz\u0105dzenie zlicza co minut\u0119 i co minut\u0119 wysy\u0142a pakiety MQTT na serwer po\u015brednicz\u0105cy. Ten z kolei wysy\u0142a do bazy danych na profesjonalnym serwerze OVH. Po co ten po\u015brednik ? Ot\u00f3\u017c oddalony punkt pomiarowy bez obs\u0142ugi na miejscu by\u0142by bez kontroli i bez mo\u017cliwo\u015bci sprawdzenia i naprawy. Oprogramowanie jest dostosowane do tego typu konfiguracji i dzi\u0119ki po\u015brednikowi MQTT  jest mo\u017cliwo\u015b\u0107 zdalnego serwisowania prawie w 99%.<\/p>\n\n\n\n<div class=\"wp-block-buttons is-layout-flex wp-block-buttons-is-layout-flex\">\n<div class=\"wp-block-button\"><a class=\"wp-block-button__link wp-element-button\">nie przyciskaj \ud83d\ude42<\/a><\/div>\n<\/div>\n<\/div>\n<\/div>\n<\/div>\n\n\n\n<div class=\"wp-block-group alignfull has-global-padding is-layout-constrained wp-container-core-group-is-layout-669513ed wp-block-group-is-layout-constrained\" style=\"margin-top:0;margin-bottom:0;padding-top:var(--wp--preset--spacing--50);padding-right:var(--wp--preset--spacing--50);padding-bottom:var(--wp--preset--spacing--50);padding-left:var(--wp--preset--spacing--50)\">\n<div class=\"wp-block-group is-vertical is-content-justification-center is-layout-flex wp-container-core-group-is-layout-ce155fab wp-block-group-is-layout-flex\">\n<h2 class=\"wp-block-heading has-text-align-center has-xx-large-font-size\">Wyniki i wnioski<\/h2>\n\n\n\n<p class=\"has-text-align-center\">wieloletnie ci\u0105g\u0142e i regularne pomiary w amatorskich niskokosztowych warunkach maj\u0105 sens i mog\u0105 stanowi\u0107 wiarygodn\u0105 baz\u0119 do analiz matematycznych. <\/p>\n<\/div>\n\n\n\n<div style=\"height:var(--wp--preset--spacing--30)\" aria-hidden=\"true\" class=\"wp-block-spacer\"><\/div>\n\n\n\n<div class=\"wp-block-columns alignwide is-layout-flex wp-container-core-columns-is-layout-4935966c wp-block-columns-is-layout-flex\" style=\"padding-right:0;padding-left:0\">\n<div class=\"wp-block-column is-layout-flow wp-block-column-is-layout-flow\">\n<figure class=\"wp-block-image size-full is-style-rounded is-style-rounded--3\"><img loading=\"lazy\" decoding=\"async\" width=\"709\" height=\"204\" src=\"https:\/\/alfard.ovh\/wp-content\/uploads\/2025\/09\/Geiger8p.jpg\" alt=\"\" class=\"wp-image-1319\" srcset=\"https:\/\/alfard.ovh\/wp-content\/uploads\/2025\/09\/Geiger8p.jpg 709w, https:\/\/alfard.ovh\/wp-content\/uploads\/2025\/09\/Geiger8p-300x86.jpg 300w\" sizes=\"auto, (max-width: 709px) 100vw, 709px\" \/><\/figure>\n\n\n\n<div class=\"wp-block-group is-vertical is-content-justification-center is-nowrap is-layout-flex wp-container-core-group-is-layout-21d4e958 wp-block-group-is-layout-flex\">\n<p class=\"has-text-align-center has-small-font-size\"><strong>od stycznia 2024<\/strong><\/p>\n\n\n\n<p class=\"has-text-align-center has-small-font-size\">najwi\u0119cej by\u0142o 10 zlicze\u0144 na minut\u0119, kt\u00f3re powt\u00f3rzy\u0142y si\u0119 15 tysi\u0119cy razy w okresie od stycznia 2024<\/p>\n<\/div>\n<\/div>\n\n\n\n<div class=\"wp-block-column is-layout-flow wp-block-column-is-layout-flow\">\n<figure class=\"wp-block-image size-full is-resized is-style-rounded is-style-rounded--4\"><img loading=\"lazy\" decoding=\"async\" width=\"541\" height=\"285\" src=\"https:\/\/alfard.ovh\/wp-content\/uploads\/2025\/09\/Geiger0.jpg\" alt=\"\" class=\"wp-image-1320\" style=\"width:620px;height:auto\" srcset=\"https:\/\/alfard.ovh\/wp-content\/uploads\/2025\/09\/Geiger0.jpg 541w, https:\/\/alfard.ovh\/wp-content\/uploads\/2025\/09\/Geiger0-300x158.jpg 300w\" sizes=\"auto, (max-width: 541px) 100vw, 541px\" \/><\/figure>\n\n\n\n<div class=\"wp-block-group is-vertical is-content-justification-center is-nowrap is-layout-flex wp-container-core-group-is-layout-63bfd6c1 wp-block-group-is-layout-flex\">\n<p class=\"has-text-align-center has-small-font-size\">To nie pomy\u0142ka<\/p>\n\n\n\n<p class=\"has-text-align-center has-small-font-size\">Ten dwugarbny histogram powsta\u0142 w wyniku przemieszczenia przyrz\u0105du.  <\/p>\n<\/div>\n<\/div>\n<\/div>\n<\/div>\n\n\n\n<div class=\"wp-block-group alignfull has-base-color has-contrast-background-color has-text-color has-background has-link-color wp-elements-f44ee4422a3dd89ce98a023cb4129628 has-global-padding is-layout-constrained wp-container-core-group-is-layout-d89aad35 wp-block-group-is-layout-constrained\" style=\"margin-top:0;margin-bottom:0;padding-top:var(--wp--preset--spacing--50);padding-right:var(--wp--preset--spacing--50);padding-bottom:var(--wp--preset--spacing--50);padding-left:var(--wp--preset--spacing--50)\">\n<h2 class=\"wp-block-heading alignwide has-base-color has-text-color has-link-color wp-elements-5a3d29398cecad4ca19f7901d910d349\" style=\"font-size:clamp(4.509rem, 4.509rem + ((1vw - 0.2rem) * 9.152), 10rem);letter-spacing:-0.02em\">My\u015bli swawolne<\/h2>\n\n\n\n<div class=\"wp-block-group alignwide is-layout-flow wp-block-group-is-layout-flow\">\n<hr class=\"wp-block-separator has-text-color has-base-color has-alpha-channel-opacity has-base-background-color has-background is-style-wide\" style=\"margin-top:var(--wp--preset--spacing--30);margin-bottom:var(--wp--preset--spacing--30)\"\/>\n\n\n\n<h3 class=\"wp-block-heading alignwide has-base-2-color has-text-color has-link-color wp-elements-f56d7edcf565d1d9be82aa9aa8f1b2b2\">Histogram jest dobrym narz\u0119dziem wizualizacji i wyznaczania warto\u015bci pomiar\u00f3w licznikiem Geigera<\/h3>\n\n\n\n<p class=\"has-contrast-1-color has-text-color has-link-color wp-elements-6cd75cd9c2ce9865c3d037b6f18d113d\">Obserwuj\u0105c surowe zliczenia widzimy szum, kt\u00f3ry nie chce wskaza\u0107 \u015bredniej. Histogram wskazuje dok\u0142adnie jaka jest warto\u015b\u0107 najcz\u0119\u015bciej wyst\u0119puj\u0105ca.<\/p>\n\n\n\n<hr class=\"wp-block-separator has-text-color has-base-color has-alpha-channel-opacity has-base-background-color has-background is-style-wide\" style=\"margin-top:var(--wp--preset--spacing--30);margin-bottom:var(--wp--preset--spacing--30)\"\/>\n\n\n\n<h3 class=\"wp-block-heading alignwide has-base-2-color has-text-color has-link-color wp-elements-b39f1e1c9e79b995adaa3fa43e855e23\">Czy to jest rozk\u0142ad Poissona ?<\/h3>\n\n\n\n<p class=\"has-contrast-1-color has-text-color has-link-color wp-elements-30514948f33099c24dfaf7ff70c3005f\">Do wyznaczenia tego wykresu pos\u0142u\u017cy\u0142y dane mierzone w r\u00f3wnych odst\u0119pach i niezale\u017cne od siebie czyli TAK<\/p>\n\n\n\n<hr class=\"wp-block-separator has-text-color has-base-color has-alpha-channel-opacity has-base-background-color has-background is-style-wide\" style=\"margin-top:var(--wp--preset--spacing--30);margin-bottom:var(--wp--preset--spacing--30)\"\/>\n\n\n\n<h3 class=\"wp-block-heading alignwide has-base-2-color has-text-color has-link-color wp-elements-61230c82d753ea596f0de50daf014fd7\">Czy uzyska\u0142em potwierdzenie, \u017ce tanie amatorskie liczniki Geigera dzia\u0142aj\u0105 poprawnie<\/h3>\n\n\n\n<p class=\"has-contrast-1-color has-text-color has-link-color wp-elements-baac4d8d74ffcad7e5471b01c47fec17\">My\u015bl\u0119, \u017ce TAK. <\/p>\n\n\n\n<hr class=\"wp-block-separator has-text-color has-base-color has-alpha-channel-opacity has-base-background-color has-background is-style-wide\" style=\"margin-top:var(--wp--preset--spacing--30);margin-bottom:var(--wp--preset--spacing--30)\"\/>\n\n\n\n<div style=\"margin-top:var(--wp--preset--spacing--10);margin-bottom:0;height:var(--wp--preset--spacing--10)\" aria-hidden=\"true\" class=\"wp-block-spacer\"><\/div>\n<\/div>\n<\/div>\n\n\n\n<div class=\"wp-block-group alignfull has-global-padding is-layout-constrained wp-container-core-group-is-layout-d89aad35 wp-block-group-is-layout-constrained\" style=\"margin-top:0;margin-bottom:0;padding-top:var(--wp--preset--spacing--50);padding-right:var(--wp--preset--spacing--50);padding-bottom:var(--wp--preset--spacing--50);padding-left:var(--wp--preset--spacing--50)\"><\/div>\n","protected":false},"excerpt":{"rendered":"<p>Przedstawiane wykresy s\u0105 na bazie w\u0142asnych autentycznych pomiar\u00f3w w okresie ostatnich kilku lat. Wykresy przedstawiaj\u0105 histogramy zlicze\u0144 na minut\u0119 dla r\u00f3\u017cnych licznik\u00f3w Geigera. Dla przyk\u0142adu histogram po prawej pokazuje, \u017ce 20 zlicze\u0144 na minut\u0119 wyst\u0105pi\u0142o ponad 15 tys. razy w ci\u0105gu badanego okresu. Miejsca pomiarowe s\u0105 umieszczone na G\u00f3rnym \u015al\u0105sku i Opolszczy\u017anie. Bazuj\u0105 na nowoczesnych [&hellip;]<\/p>\n","protected":false},"author":1,"featured_media":0,"parent":0,"menu_order":0,"comment_status":"closed","ping_status":"closed","template":"","meta":{"footnotes":""},"class_list":["post-1316","page","type-page","status-publish","hentry"],"_links":{"self":[{"href":"https:\/\/alfard.ovh\/index.php\/wp-json\/wp\/v2\/pages\/1316","targetHints":{"allow":["GET"]}}],"collection":[{"href":"https:\/\/alfard.ovh\/index.php\/wp-json\/wp\/v2\/pages"}],"about":[{"href":"https:\/\/alfard.ovh\/index.php\/wp-json\/wp\/v2\/types\/page"}],"author":[{"embeddable":true,"href":"https:\/\/alfard.ovh\/index.php\/wp-json\/wp\/v2\/users\/1"}],"replies":[{"embeddable":true,"href":"https:\/\/alfard.ovh\/index.php\/wp-json\/wp\/v2\/comments?post=1316"}],"version-history":[{"count":4,"href":"https:\/\/alfard.ovh\/index.php\/wp-json\/wp\/v2\/pages\/1316\/revisions"}],"predecessor-version":[{"id":1450,"href":"https:\/\/alfard.ovh\/index.php\/wp-json\/wp\/v2\/pages\/1316\/revisions\/1450"}],"wp:attachment":[{"href":"https:\/\/alfard.ovh\/index.php\/wp-json\/wp\/v2\/media?parent=1316"}],"curies":[{"name":"wp","href":"https:\/\/api.w.org\/{rel}","templated":true}]}}